{"id":1370636,"date":"2026-04-24T13:14:31","date_gmt":"2026-04-24T10:14:31","guid":{"rendered":"https:\/\/games.tactic.net\/tuote\/gamesson-airhockey-buzz-black-4-col-carton\/"},"modified":"2026-04-24T13:14:31","modified_gmt":"2026-04-24T10:14:31","slug":"gamesson-airhockey-buzz-black-4-col-carton","status":"publish","type":"product","link":"https:\/\/games.tactic.net\/da\/tuote\/gamesson-airhockey-buzz-black-4-col-carton\/","title":{"rendered":"Gamesson Airhockey Buzz Black 4-col carton"},"content":{"rendered":"<p>Airhockey bordmodel. St\u00f8rrelsen er 91,5 x 45,7 x 20 cm, hvilket giver masser af spillegl\u00e6de. Kraftig bl\u00e6ser, batteridrevet (6 stk. AA-batterier). Pushere 65 mm, pucke 50 mm.<\/p>\n","protected":false},"excerpt":{"rendered":"<p>PLASTO Spises\u00e6t, 23 dele.<\/p>\n","protected":false},"featured_media":0,"template":"","meta":{"content-type":"","_monsterinsights_skip_tracking":false,"_monsterinsights_sitenote_active":false,"_monsterinsights_sitenote_note":"","_monsterinsights_sitenote_category":0},"product_brand":[],"product_cat":[782],"product_tag":[],"brand":[{"id":2337,"name":"BEX Sport","slug":"bex-sport"}],"target-group":[],"discontinued":[],"class_list":{"0":"post-1370636","1":"product","2":"type-product","3":"status-publish","5":"product_cat-udendoers-spil","6":"brand-bex-sport","8":"first","9":"instock","10":"taxable","11":"shipping-taxable","12":"product-type-simple"},"aioseo_notices":[],"_links":{"self":[{"href":"https:\/\/games.tactic.net\/da\/wp-json\/wp\/v2\/product\/1370636","targetHints":{"allow":["GET"]}}],"collection":[{"href":"https:\/\/games.tactic.net\/da\/wp-json\/wp\/v2\/product"}],"about":[{"href":"https:\/\/games.tactic.net\/da\/wp-json\/wp\/v2\/types\/product"}],"wp:attachment":[{"href":"https:\/\/games.tactic.net\/da\/wp-json\/wp\/v2\/media?parent=1370636"}],"wp:term":[{"taxonomy":"product_brand","embeddable":true,"href":"https:\/\/games.tactic.net\/da\/wp-json\/wp\/v2\/product_brand?post=1370636"},{"taxonomy":"product_cat","embeddable":true,"href":"https:\/\/games.tactic.net\/da\/wp-json\/wp\/v2\/product_cat?post=1370636"},{"taxonomy":"product_tag","embeddable":true,"href":"https:\/\/games.tactic.net\/da\/wp-json\/wp\/v2\/product_tag?post=1370636"},{"taxonomy":"brand","embeddable":true,"href":"https:\/\/games.tactic.net\/da\/wp-json\/wp\/v2\/brand?post=1370636"},{"taxonomy":"target-group","embeddable":true,"href":"https:\/\/games.tactic.net\/da\/wp-json\/wp\/v2\/target-group?post=1370636"},{"taxonomy":"discontinued","embeddable":true,"href":"https:\/\/games.tactic.net\/da\/wp-json\/wp\/v2\/discontinued?post=1370636"}],"curies":[{"name":"wp","href":"https:\/\/api.w.org\/{rel}","templated":true}]}}