{"id":1370626,"date":"2026-04-22T10:09:30","date_gmt":"2026-04-22T07:09:30","guid":{"rendered":"https:\/\/games.tactic.net\/tuote\/hot-wheels-twin-mill-puzzle-500-pcs\/"},"modified":"2026-04-22T10:09:30","modified_gmt":"2026-04-22T07:09:30","slug":"hot-wheels-twin-mill-puzzle-500-pcs","status":"publish","type":"product","link":"https:\/\/games.tactic.net\/da\/tuote\/hot-wheels-twin-mill-puzzle-500-pcs\/","title":{"rendered":"Hot Wheels Twin Mill puzzle 500 pcs"},"content":{"rendered":"<p>Byg det op brik for brik med Hot Wheels\u2019 ikoniske Twin Mill. Skabt til at se sejere ud og pr\u00e6stere bedre end noget andet leget\u00f8j derude, har Hot Wheels skabt tusindvis af ikoniske bildesigns, som inspirerer fans til at udfordre sig selv med fart, stunts og tyngdekraftsudfordrende orange loops.<\/p>\n<p>Et puslespil med 500 brikker giver den perfekte balance mellem afslapning og udfordring. Det detaljerede motiv holder interessen fanget, mens de tydelige former hj\u00e6lper dig med at g\u00f8re j\u00e6vne fremskridt. Brikkerne passer godt sammen, hvilket g\u00f8r samlingen behagelig, og de varierede brikformer giver ekstra tilfredsstillelse. Brikkerne er ikke ens \u2013 forskellige former og kombinationer g\u00f8r puslespillet mere interessant og hj\u00e6lper dig med lettere at finde den rigtige plads til hver brik.<\/p>\n<p>Puslespillet er fremstillet i Finland p\u00e5 Tactic Games\u2019 egen fabrik, hvor der l\u00e6gges v\u00e6gt p\u00e5 materialernes sporbarhed og ansvarlig produktion. FSC-certificering og overv\u00e5gning af CO\u2082-aftryk underst\u00f8tter et b\u00e6redygtigt valg.<\/p>\n","protected":false},"excerpt":{"rendered":"<p>Tactic Hot Wheels Twin Mill 500 brikkers puslespil bringer farten og stilen fra den legendariske Twin Mill-bil til puslespilssjov. Et puslespil i h\u00f8j kvalitet fremstillet i Finland.<\/p>\n","protected":false},"featured_media":0,"template":"","meta":{"content-type":"","_monsterinsights_skip_tracking":false,"_monsterinsights_sitenote_active":false,"_monsterinsights_sitenote_note":"","_monsterinsights_sitenote_category":0},"product_brand":[],"product_cat":[1637],"product_tag":[],"brand":[],"target-group":[],"discontinued":[],"class_list":{"0":"post-1370626","1":"product","2":"type-product","3":"status-publish","5":"product_cat-500-brikker-puslespil","7":"first","8":"instock","9":"taxable","10":"shipping-taxable","11":"product-type-simple"},"aioseo_notices":[],"_links":{"self":[{"href":"https:\/\/games.tactic.net\/da\/wp-json\/wp\/v2\/product\/1370626","targetHints":{"allow":["GET"]}}],"collection":[{"href":"https:\/\/games.tactic.net\/da\/wp-json\/wp\/v2\/product"}],"about":[{"href":"https:\/\/games.tactic.net\/da\/wp-json\/wp\/v2\/types\/product"}],"wp:attachment":[{"href":"https:\/\/games.tactic.net\/da\/wp-json\/wp\/v2\/media?parent=1370626"}],"wp:term":[{"taxonomy":"product_brand","embeddable":true,"href":"https:\/\/games.tactic.net\/da\/wp-json\/wp\/v2\/product_brand?post=1370626"},{"taxonomy":"product_cat","embeddable":true,"href":"https:\/\/games.tactic.net\/da\/wp-json\/wp\/v2\/product_cat?post=1370626"},{"taxonomy":"product_tag","embeddable":true,"href":"https:\/\/games.tactic.net\/da\/wp-json\/wp\/v2\/product_tag?post=1370626"},{"taxonomy":"brand","embeddable":true,"href":"https:\/\/games.tactic.net\/da\/wp-json\/wp\/v2\/brand?post=1370626"},{"taxonomy":"target-group","embeddable":true,"href":"https:\/\/games.tactic.net\/da\/wp-json\/wp\/v2\/target-group?post=1370626"},{"taxonomy":"discontinued","embeddable":true,"href":"https:\/\/games.tactic.net\/da\/wp-json\/wp\/v2\/discontinued?post=1370626"}],"curies":[{"name":"wp","href":"https:\/\/api.w.org\/{rel}","templated":true}]}}