{"id":1370624,"date":"2026-04-22T10:08:56","date_gmt":"2026-04-22T07:08:56","guid":{"rendered":"https:\/\/games.tactic.net\/tuote\/barbie-the-original-puzzle-1000-pcs\/"},"modified":"2026-04-22T10:08:56","modified_gmt":"2026-04-22T07:08:56","slug":"barbie-the-original-puzzle-1000-pcs","status":"publish","type":"product","link":"https:\/\/games.tactic.net\/da\/tuote\/barbie-the-original-puzzle-1000-pcs\/","title":{"rendered":"Barbie The Original puzzle 1000 pcs"},"content":{"rendered":"<p>Fejr den ikoniske Barbie-dukke med dette 1000-brikkers puslespil! Barbie har inspireret generationer siden 1959 og er et kulturelt ikon. Hun har v\u00e6ret l\u00e6ge, pilot, designer og har endda rejst ud i rummet. Med utallige karrierer og stilarter har Barbie afspejlet og formet dr\u00f8mmene hos millioner af mennesker verden over. Ved at f\u00f8lge med tiden og bryde gr\u00e6nser har Barbie vist verden, at du kan blive, hvad du vil. Dette puslespil indfanger hendes tidl\u00f8se appel. Saml det brik for brik!<\/p>\n<p>Et puslespil med 1000 brikker giver den perfekte balance mellem afslapning og udfordring. Det detaljerede motiv holder interessen fanget, mens de tydelige former hj\u00e6lper dig med at g\u00f8re j\u00e6vne fremskridt. Brikkerne passer godt sammen, hvilket g\u00f8r samlingen behagelig, og de varierede brikformer giver ekstra tilfredsstillelse. Brikkerne er ikke ens \u2013 forskellige former og kombinationer g\u00f8r puslespillet mere interessant og hj\u00e6lper dig med lettere at finde den rigtige plads til hver brik.<\/p>\n<p>Puslespillet er fremstillet i Finland p\u00e5 Tactic Games\u2019 egen fabrik, hvor der l\u00e6gges v\u00e6gt p\u00e5 materialernes sporbarhed og ansvarlig produktion. FSC-certificering og overv\u00e5gning af CO\u2082-aftryk underst\u00f8tter et b\u00e6redygtigt valg.<\/p>\n","protected":false},"excerpt":{"rendered":"<p>Tactic Barbie The Original 1000 brikkers puslespil hylder den ikoniske Barbie, som har inspireret generationer til at dr\u00f8mme stort og blive, hvad de vil. Et puslespil i h\u00f8j kvalitet fremstillet i Finland.<\/p>\n","protected":false},"featured_media":0,"template":"","meta":{"content-type":"","_monsterinsights_skip_tracking":false,"_monsterinsights_sitenote_active":false,"_monsterinsights_sitenote_note":"","_monsterinsights_sitenote_category":0},"product_brand":[],"product_cat":[946],"product_tag":[],"brand":[{"id":650,"name":"PuzzleLovers","slug":"puzzlelovers_dk"}],"target-group":[],"discontinued":[],"class_list":{"0":"post-1370624","1":"product","2":"type-product","3":"status-publish","5":"product_cat-1000-brikker-2","6":"brand-puzzlelovers_dk","8":"first","9":"instock","10":"taxable","11":"shipping-taxable","12":"product-type-simple"},"aioseo_notices":[],"_links":{"self":[{"href":"https:\/\/games.tactic.net\/da\/wp-json\/wp\/v2\/product\/1370624","targetHints":{"allow":["GET"]}}],"collection":[{"href":"https:\/\/games.tactic.net\/da\/wp-json\/wp\/v2\/product"}],"about":[{"href":"https:\/\/games.tactic.net\/da\/wp-json\/wp\/v2\/types\/product"}],"wp:attachment":[{"href":"https:\/\/games.tactic.net\/da\/wp-json\/wp\/v2\/media?parent=1370624"}],"wp:term":[{"taxonomy":"product_brand","embeddable":true,"href":"https:\/\/games.tactic.net\/da\/wp-json\/wp\/v2\/product_brand?post=1370624"},{"taxonomy":"product_cat","embeddable":true,"href":"https:\/\/games.tactic.net\/da\/wp-json\/wp\/v2\/product_cat?post=1370624"},{"taxonomy":"product_tag","embeddable":true,"href":"https:\/\/games.tactic.net\/da\/wp-json\/wp\/v2\/product_tag?post=1370624"},{"taxonomy":"brand","embeddable":true,"href":"https:\/\/games.tactic.net\/da\/wp-json\/wp\/v2\/brand?post=1370624"},{"taxonomy":"target-group","embeddable":true,"href":"https:\/\/games.tactic.net\/da\/wp-json\/wp\/v2\/target-group?post=1370624"},{"taxonomy":"discontinued","embeddable":true,"href":"https:\/\/games.tactic.net\/da\/wp-json\/wp\/v2\/discontinued?post=1370624"}],"curies":[{"name":"wp","href":"https:\/\/api.w.org\/{rel}","templated":true}]}}