{"id":1370620,"date":"2026-04-22T10:07:59","date_gmt":"2026-04-22T07:07:59","guid":{"rendered":"https:\/\/games.tactic.net\/tuote\/mish-match\/"},"modified":"2026-04-22T10:07:59","modified_gmt":"2026-04-22T07:07:59","slug":"mish-match","status":"publish","type":"product","link":"https:\/\/games.tactic.net\/da\/tuote\/mish-match\/","title":{"rendered":"Mish Match"},"content":{"rendered":"<p>Det tilsyneladende simple, men uendeligt sjove spil med gr\u00f8nne jordegern, festlige flamingoer, rullesk\u00f8jtende lilla pandaer, gr\u00e5dige geder der spiser sm\u00e5kager og forelskede pingviner. I dette tempofyldte, hylende morsomme og tungevridende match-spil g\u00e6lder det om at v\u00e6re den f\u00f8rste til at finde et match. Jo bedre match, jo mere tosset bliver det!<\/p>\n","protected":false},"excerpt":{"rendered":"<p>Et tempofyldt og hylende morsomt match-spil. V\u00e6r den f\u00f8rste til at finde et match!<\/p>\n","protected":false},"featured_media":0,"template":"","meta":{"content-type":"","_monsterinsights_skip_tracking":false,"_monsterinsights_sitenote_active":false,"_monsterinsights_sitenote_note":"","_monsterinsights_sitenote_category":0},"product_brand":[],"product_cat":[359],"product_tag":[1002,1232],"brand":[],"target-group":[],"discontinued":[],"class_list":{"0":"post-1370620","1":"product","2":"type-product","3":"status-publish","5":"product_cat-kort-og-terningspil","6":"product_tag-held","7":"product_tag-kombinere-da","9":"first","10":"instock","11":"taxable","12":"shipping-taxable","13":"product-type-simple"},"aioseo_notices":[],"_links":{"self":[{"href":"https:\/\/games.tactic.net\/da\/wp-json\/wp\/v2\/product\/1370620","targetHints":{"allow":["GET"]}}],"collection":[{"href":"https:\/\/games.tactic.net\/da\/wp-json\/wp\/v2\/product"}],"about":[{"href":"https:\/\/games.tactic.net\/da\/wp-json\/wp\/v2\/types\/product"}],"wp:attachment":[{"href":"https:\/\/games.tactic.net\/da\/wp-json\/wp\/v2\/media?parent=1370620"}],"wp:term":[{"taxonomy":"product_brand","embeddable":true,"href":"https:\/\/games.tactic.net\/da\/wp-json\/wp\/v2\/product_brand?post=1370620"},{"taxonomy":"product_cat","embeddable":true,"href":"https:\/\/games.tactic.net\/da\/wp-json\/wp\/v2\/product_cat?post=1370620"},{"taxonomy":"product_tag","embeddable":true,"href":"https:\/\/games.tactic.net\/da\/wp-json\/wp\/v2\/product_tag?post=1370620"},{"taxonomy":"brand","embeddable":true,"href":"https:\/\/games.tactic.net\/da\/wp-json\/wp\/v2\/brand?post=1370620"},{"taxonomy":"target-group","embeddable":true,"href":"https:\/\/games.tactic.net\/da\/wp-json\/wp\/v2\/target-group?post=1370620"},{"taxonomy":"discontinued","embeddable":true,"href":"https:\/\/games.tactic.net\/da\/wp-json\/wp\/v2\/discontinued?post=1370620"}],"curies":[{"name":"wp","href":"https:\/\/api.w.org\/{rel}","templated":true}]}}