{"id":1370617,"date":"2026-04-22T10:07:17","date_gmt":"2026-04-22T07:07:17","guid":{"rendered":"https:\/\/games.tactic.net\/tuote\/egg-or-chicken\/"},"modified":"2026-04-22T10:07:17","modified_gmt":"2026-04-22T07:07:17","slug":"egg-or-chicken","status":"publish","type":"product","link":"https:\/\/games.tactic.net\/da\/tuote\/egg-or-chicken\/","title":{"rendered":"Egg or Chicken"},"content":{"rendered":"<p>Egg or Chicken er et budspil, hvor spillerne g\u00e6tter, hvor mange \u00e6g eller kyllinger der vises p\u00e5 rundens kort. Tror du, der er flest \u00e6g? Eller m\u00e5ske kyllinger? Pas p\u00e5 r\u00e6vene, som fjerner en kylling fra hvert kort! Eller er der stegepander? De fjerner et \u00e6g fra hvert kort! Pr\u00f8v at samle s\u00e5 mange kort som muligt ved at g\u00e6tte bedre end de andre spillere. Til sidst vinder spilleren med flest kort!<\/p>\n","protected":false},"excerpt":{"rendered":"<p>G\u00e6t hvor mange \u00e6g eller kyllinger der vises p\u00e5 rundens kort. Tror du, der er flest \u00e6g? Eller m\u00e5ske kyllinger? Pas p\u00e5 r\u00e6vene og stegepanderne!<\/p>\n","protected":false},"featured_media":0,"template":"","meta":{"content-type":"","_monsterinsights_skip_tracking":false,"_monsterinsights_sitenote_active":false,"_monsterinsights_sitenote_note":"","_monsterinsights_sitenote_category":0},"product_brand":[],"product_cat":[359],"product_tag":[1002,1232],"brand":[],"target-group":[],"discontinued":[],"class_list":{"0":"post-1370617","1":"product","2":"type-product","3":"status-publish","5":"product_cat-kort-og-terningspil","6":"product_tag-held","7":"product_tag-kombinere-da","9":"first","10":"instock","11":"taxable","12":"shipping-taxable","13":"product-type-simple"},"aioseo_notices":[],"_links":{"self":[{"href":"https:\/\/games.tactic.net\/da\/wp-json\/wp\/v2\/product\/1370617","targetHints":{"allow":["GET"]}}],"collection":[{"href":"https:\/\/games.tactic.net\/da\/wp-json\/wp\/v2\/product"}],"about":[{"href":"https:\/\/games.tactic.net\/da\/wp-json\/wp\/v2\/types\/product"}],"wp:attachment":[{"href":"https:\/\/games.tactic.net\/da\/wp-json\/wp\/v2\/media?parent=1370617"}],"wp:term":[{"taxonomy":"product_brand","embeddable":true,"href":"https:\/\/games.tactic.net\/da\/wp-json\/wp\/v2\/product_brand?post=1370617"},{"taxonomy":"product_cat","embeddable":true,"href":"https:\/\/games.tactic.net\/da\/wp-json\/wp\/v2\/product_cat?post=1370617"},{"taxonomy":"product_tag","embeddable":true,"href":"https:\/\/games.tactic.net\/da\/wp-json\/wp\/v2\/product_tag?post=1370617"},{"taxonomy":"brand","embeddable":true,"href":"https:\/\/games.tactic.net\/da\/wp-json\/wp\/v2\/brand?post=1370617"},{"taxonomy":"target-group","embeddable":true,"href":"https:\/\/games.tactic.net\/da\/wp-json\/wp\/v2\/target-group?post=1370617"},{"taxonomy":"discontinued","embeddable":true,"href":"https:\/\/games.tactic.net\/da\/wp-json\/wp\/v2\/discontinued?post=1370617"}],"curies":[{"name":"wp","href":"https:\/\/api.w.org\/{rel}","templated":true}]}}