{"id":1370616,"date":"2026-04-22T09:03:10","date_gmt":"2026-04-22T06:03:10","guid":{"rendered":"https:\/\/games.tactic.net\/tuote\/tactic-dam-moelle-rejsespil\/"},"modified":"2026-04-22T09:03:10","modified_gmt":"2026-04-22T06:03:10","slug":"tactic-dam-moelle-rejsespil","status":"archive","type":"product","link":"https:\/\/games.tactic.net\/da\/tuote\/tactic-dam-moelle-rejsespil\/","title":{"rendered":"Tactic Dam  M\u00f8lle rejsespil"},"content":{"rendered":"<p>Mor dig med et underholdende spil Dam eller M\u00f8lle. I Dam skal du pr\u00f8ve at sl\u00e5 eller blokere alle din modstanders brikker, mens du i M\u00f8lle skal reducere antallet af din modstanders brikker til to eller blokere dem, s\u00e5 de ikke kan rykke. Nu skal der spilles!<\/p>\n","protected":false},"excerpt":{"rendered":"<p>Mor dig med et underholdende spil Dam eller M\u00f8lle. I Dam skal du pr\u00f8ve at sl\u00e5 eller blokere alle din modstanders brikker, mens du i M\u00f8lle skal reducere antallet af din modstanders brikker til to eller blokere dem, s\u00e5 de ikke kan rykke. Nu skal der spilles!<\/p>\n","protected":false},"featured_media":0,"template":"","meta":{"content-type":"","_monsterinsights_skip_tracking":false,"_monsterinsights_sitenote_active":false,"_monsterinsights_sitenote_note":"","_monsterinsights_sitenote_category":0},"product_brand":[],"product_cat":[1585],"product_tag":[1237],"brand":[],"target-group":[],"discontinued":[],"class_list":{"0":"post-1370616","1":"product","2":"type-product","3":"status-archive","5":"product_cat-rejsespil-familiespil","6":"product_tag-strategi-da","8":"first","9":"outofstock","10":"taxable","11":"shipping-taxable","12":"product-type-simple"},"aioseo_notices":[],"_links":{"self":[{"href":"https:\/\/games.tactic.net\/da\/wp-json\/wp\/v2\/product\/1370616","targetHints":{"allow":["GET"]}}],"collection":[{"href":"https:\/\/games.tactic.net\/da\/wp-json\/wp\/v2\/product"}],"about":[{"href":"https:\/\/games.tactic.net\/da\/wp-json\/wp\/v2\/types\/product"}],"wp:attachment":[{"href":"https:\/\/games.tactic.net\/da\/wp-json\/wp\/v2\/media?parent=1370616"}],"wp:term":[{"taxonomy":"product_brand","embeddable":true,"href":"https:\/\/games.tactic.net\/da\/wp-json\/wp\/v2\/product_brand?post=1370616"},{"taxonomy":"product_cat","embeddable":true,"href":"https:\/\/games.tactic.net\/da\/wp-json\/wp\/v2\/product_cat?post=1370616"},{"taxonomy":"product_tag","embeddable":true,"href":"https:\/\/games.tactic.net\/da\/wp-json\/wp\/v2\/product_tag?post=1370616"},{"taxonomy":"brand","embeddable":true,"href":"https:\/\/games.tactic.net\/da\/wp-json\/wp\/v2\/brand?post=1370616"},{"taxonomy":"target-group","embeddable":true,"href":"https:\/\/games.tactic.net\/da\/wp-json\/wp\/v2\/target-group?post=1370616"},{"taxonomy":"discontinued","embeddable":true,"href":"https:\/\/games.tactic.net\/da\/wp-json\/wp\/v2\/discontinued?post=1370616"}],"curies":[{"name":"wp","href":"https:\/\/api.w.org\/{rel}","templated":true}]}}