{"id":1370273,"date":"2026-04-14T12:10:40","date_gmt":"2026-04-14T09:10:40","guid":{"rendered":"https:\/\/games.tactic.net\/tuote\/500-pcs-puzzle-busy-bees\/"},"modified":"2026-04-14T12:10:40","modified_gmt":"2026-04-14T09:10:40","slug":"500-pcs-puzzle-busy-bees","status":"publish","type":"product","link":"https:\/\/games.tactic.net\/da\/tuote\/500-pcs-puzzle-busy-bees\/","title":{"rendered":"500 pcs puzzle: Busy Bees"},"content":{"rendered":"<p>Tactic Puzzle Lovers Busy Bees 500 brikkers puslespil tager dig med ind i en blomstrende scene, hvor bier og blomster danner en harmonisk og beroligende komposition. Den bl\u00f8de farvepalette g\u00f8r motivet behageligt at se p\u00e5 og forn\u00f8jeligt at samle. Et puslespil med 500 brikker giver en perfekt balance mellem afslapning og udfordring. Det detaljerede motiv holder dig engageret, mens klare former hj\u00e6lper dig med at komme st\u00f8t fremad. Brikkerne passer godt sammen, hvilket g\u00f8r puslespillet forn\u00f8jeligt at samle, og de varierede former giver ekstra interesse. Brikkerne er ikke ens, og deres forskellige former og samlinger g\u00f8r det lettere at finde den rette placering. Puslespillet er fremstillet i Finland p\u00e5 Tactic Games\u2019 egen fabrik, hvor der er fokus p\u00e5 sporbarhed af materialer og ansvarlig produktion. FSC-certificering og n\u00f8je overv\u00e5gning af CO2-aftrykket underst\u00f8tter et b\u00e6redygtigt valg.<\/p>\n","protected":false},"excerpt":{"rendered":"<p>Tactic Puzzle Lovers Busy Bees 500 brikkers puslespil pr\u00e6senterer en farverig scene fyldt med blomster og bier. Et puslespil i h\u00f8j kvalitet fremstillet i Finland.<\/p>\n","protected":false},"featured_media":0,"template":"","meta":{"content-type":"","_monsterinsights_skip_tracking":false,"_monsterinsights_sitenote_active":false,"_monsterinsights_sitenote_note":"","_monsterinsights_sitenote_category":0},"product_brand":[],"product_cat":[1637],"product_tag":[],"brand":[{"id":650,"name":"PuzzleLovers","slug":"puzzlelovers_dk"}],"target-group":[],"discontinued":[],"class_list":{"0":"post-1370273","1":"product","2":"type-product","3":"status-publish","5":"product_cat-500-brikker-puslespil","6":"brand-puzzlelovers_dk","8":"first","9":"instock","10":"taxable","11":"shipping-taxable","12":"product-type-simple"},"aioseo_notices":[],"_links":{"self":[{"href":"https:\/\/games.tactic.net\/da\/wp-json\/wp\/v2\/product\/1370273","targetHints":{"allow":["GET"]}}],"collection":[{"href":"https:\/\/games.tactic.net\/da\/wp-json\/wp\/v2\/product"}],"about":[{"href":"https:\/\/games.tactic.net\/da\/wp-json\/wp\/v2\/types\/product"}],"wp:attachment":[{"href":"https:\/\/games.tactic.net\/da\/wp-json\/wp\/v2\/media?parent=1370273"}],"wp:term":[{"taxonomy":"product_brand","embeddable":true,"href":"https:\/\/games.tactic.net\/da\/wp-json\/wp\/v2\/product_brand?post=1370273"},{"taxonomy":"product_cat","embeddable":true,"href":"https:\/\/games.tactic.net\/da\/wp-json\/wp\/v2\/product_cat?post=1370273"},{"taxonomy":"product_tag","embeddable":true,"href":"https:\/\/games.tactic.net\/da\/wp-json\/wp\/v2\/product_tag?post=1370273"},{"taxonomy":"brand","embeddable":true,"href":"https:\/\/games.tactic.net\/da\/wp-json\/wp\/v2\/brand?post=1370273"},{"taxonomy":"target-group","embeddable":true,"href":"https:\/\/games.tactic.net\/da\/wp-json\/wp\/v2\/target-group?post=1370273"},{"taxonomy":"discontinued","embeddable":true,"href":"https:\/\/games.tactic.net\/da\/wp-json\/wp\/v2\/discontinued?post=1370273"}],"curies":[{"name":"wp","href":"https:\/\/api.w.org\/{rel}","templated":true}]}}