{"id":1370075,"date":"2026-03-30T14:50:15","date_gmt":"2026-03-30T11:50:15","guid":{"rendered":"https:\/\/games.tactic.net\/tuote\/hot-wheels-motor-maker-kitz-monster-truck-kit\/"},"modified":"2026-03-30T14:50:15","modified_gmt":"2026-03-30T11:50:15","slug":"hot-wheels-motor-maker-kitz-monster-truck-kit","status":"publish","type":"product","link":"https:\/\/games.tactic.net\/da\/tuote\/hot-wheels-motor-maker-kitz-monster-truck-kit\/","title":{"rendered":"Hot Wheels Motor Maker Kitz Monster Truck Kit"},"content":{"rendered":"<p>Bladez Hot Wheels Motor Maker Kitz g\u00f8r alting st\u00f8rre! Byg en fantastisk monsterbil, s\u00e6t de k\u00e6mpestore 4&#215;4-d\u00e6k p\u00e5, og erobr de vildeste terr\u00e6ner! Hop endda fra ramper \u2013 denne bil kan n\u00e6sten alt. Tre forskellige modeller findes, men desv\u00e6rre kan du ikke v\u00e6lge model ved bestilling online.<\/p>\n","protected":false},"excerpt":{"rendered":"<p>Bladez Hot Wheels Motor Maker Kitz g\u00f8r alting st\u00f8rre! Byg en fantastisk monsterbil, s\u00e6t de k\u00e6mpestore 4&#215;4-d\u00e6k p\u00e5, og erobr de vildeste terr\u00e6ner! Hop endda fra ramper \u2013 denne bil kan n\u00e6sten alt. Tre forskellige modeller findes, men desv\u00e6rre kan du ikke v\u00e6lge model ved bestilling online.<\/p>\n","protected":false},"featured_media":0,"template":"","meta":{"content-type":"","_monsterinsights_skip_tracking":false,"_monsterinsights_sitenote_active":false,"_monsterinsights_sitenote_note":"","_monsterinsights_sitenote_category":0},"product_brand":[],"product_cat":[2369],"product_tag":[],"brand":[],"target-group":[],"discontinued":[],"class_list":{"0":"post-1370075","1":"product","2":"type-product","3":"status-publish","5":"product_cat-bladez-toyz","7":"first","8":"instock","9":"taxable","10":"shipping-taxable","11":"product-type-simple"},"aioseo_notices":[],"_links":{"self":[{"href":"https:\/\/games.tactic.net\/da\/wp-json\/wp\/v2\/product\/1370075","targetHints":{"allow":["GET"]}}],"collection":[{"href":"https:\/\/games.tactic.net\/da\/wp-json\/wp\/v2\/product"}],"about":[{"href":"https:\/\/games.tactic.net\/da\/wp-json\/wp\/v2\/types\/product"}],"wp:attachment":[{"href":"https:\/\/games.tactic.net\/da\/wp-json\/wp\/v2\/media?parent=1370075"}],"wp:term":[{"taxonomy":"product_brand","embeddable":true,"href":"https:\/\/games.tactic.net\/da\/wp-json\/wp\/v2\/product_brand?post=1370075"},{"taxonomy":"product_cat","embeddable":true,"href":"https:\/\/games.tactic.net\/da\/wp-json\/wp\/v2\/product_cat?post=1370075"},{"taxonomy":"product_tag","embeddable":true,"href":"https:\/\/games.tactic.net\/da\/wp-json\/wp\/v2\/product_tag?post=1370075"},{"taxonomy":"brand","embeddable":true,"href":"https:\/\/games.tactic.net\/da\/wp-json\/wp\/v2\/brand?post=1370075"},{"taxonomy":"target-group","embeddable":true,"href":"https:\/\/games.tactic.net\/da\/wp-json\/wp\/v2\/target-group?post=1370075"},{"taxonomy":"discontinued","embeddable":true,"href":"https:\/\/games.tactic.net\/da\/wp-json\/wp\/v2\/discontinued?post=1370075"}],"curies":[{"name":"wp","href":"https:\/\/api.w.org\/{rel}","templated":true}]}}