{"id":1370066,"date":"2026-03-27T14:28:12","date_gmt":"2026-03-27T12:28:12","guid":{"rendered":"https:\/\/games.tactic.net\/tuote\/bex-star-family-fsc-certified\/"},"modified":"2026-03-27T14:28:12","modified_gmt":"2026-03-27T12:28:12","slug":"bex-star-family-fsc-certified","status":"publish","type":"product","link":"https:\/\/games.tactic.net\/da\/tuote\/bex-star-family-fsc-certified\/","title":{"rendered":"Bex Star Family (FSC Certified)"},"content":{"rendered":"<p>5STAR. Et taktisk spil for alle aldre. Holdene konkurrerer om at f\u00e5 deres terninger t\u00e6ttest p\u00e5 den gule bold og f\u00e5r point, hver gang nogen sl\u00e5r en ny STAR (tallet 5). F\u00f8rste hold til 25 point vinder. Kvalitet: FSC-certificeret tr\u00e6.<\/p>\n","protected":false},"excerpt":{"rendered":"<p>5STAR. Et taktisk spil for alle aldre. Holdene konkurrerer om at f\u00e5 deres terninger t\u00e6ttest p\u00e5 den gule bold og f\u00e5r point, hver gang nogen sl\u00e5r en ny STAR (tallet 5). F\u00f8rste hold til 25 point vinder. Kvalitet: FSC-certificeret tr\u00e6.<\/p>\n","protected":false},"featured_media":0,"template":"","meta":{"content-type":"","_monsterinsights_skip_tracking":false,"_monsterinsights_sitenote_active":false,"_monsterinsights_sitenote_note":"","_monsterinsights_sitenote_category":0},"product_brand":[],"product_cat":[782],"product_tag":[],"brand":[{"id":2337,"name":"BEX Sport","slug":"bex-sport"}],"target-group":[],"discontinued":[],"class_list":{"0":"post-1370066","1":"product","2":"type-product","3":"status-publish","5":"product_cat-udendoers-spil","6":"brand-bex-sport","8":"first","9":"instock","10":"taxable","11":"shipping-taxable","12":"product-type-simple"},"aioseo_notices":[],"_links":{"self":[{"href":"https:\/\/games.tactic.net\/da\/wp-json\/wp\/v2\/product\/1370066","targetHints":{"allow":["GET"]}}],"collection":[{"href":"https:\/\/games.tactic.net\/da\/wp-json\/wp\/v2\/product"}],"about":[{"href":"https:\/\/games.tactic.net\/da\/wp-json\/wp\/v2\/types\/product"}],"wp:attachment":[{"href":"https:\/\/games.tactic.net\/da\/wp-json\/wp\/v2\/media?parent=1370066"}],"wp:term":[{"taxonomy":"product_brand","embeddable":true,"href":"https:\/\/games.tactic.net\/da\/wp-json\/wp\/v2\/product_brand?post=1370066"},{"taxonomy":"product_cat","embeddable":true,"href":"https:\/\/games.tactic.net\/da\/wp-json\/wp\/v2\/product_cat?post=1370066"},{"taxonomy":"product_tag","embeddable":true,"href":"https:\/\/games.tactic.net\/da\/wp-json\/wp\/v2\/product_tag?post=1370066"},{"taxonomy":"brand","embeddable":true,"href":"https:\/\/games.tactic.net\/da\/wp-json\/wp\/v2\/brand?post=1370066"},{"taxonomy":"target-group","embeddable":true,"href":"https:\/\/games.tactic.net\/da\/wp-json\/wp\/v2\/target-group?post=1370066"},{"taxonomy":"discontinued","embeddable":true,"href":"https:\/\/games.tactic.net\/da\/wp-json\/wp\/v2\/discontinued?post=1370066"}],"curies":[{"name":"wp","href":"https:\/\/api.w.org\/{rel}","templated":true}]}}