{"id":1370064,"date":"2026-03-27T14:27:58","date_gmt":"2026-03-27T12:27:58","guid":{"rendered":"https:\/\/games.tactic.net\/tuote\/bex-ring-toss-family-fsc-certified\/"},"modified":"2026-03-27T14:27:58","modified_gmt":"2026-03-27T12:27:58","slug":"bex-ring-toss-family-fsc-certified","status":"publish","type":"product","link":"https:\/\/games.tactic.net\/da\/tuote\/bex-ring-toss-family-fsc-certified\/","title":{"rendered":"Bex Ring Toss Family (FSC Certified)"},"content":{"rendered":"<p>Ringkastespil. Et nemt spil at tage med til strandfesten eller bruge som kastetr\u00e6ning. Du kaster ringene af reb og fors\u00f8ger at f\u00e5 dem til at lande rundt om pindene. Du f\u00e5r point efter tallene, der er markeret i tr\u00e6et. Kvalitet: fyrretr\u00e6, FSC-certificeret. Base 42 x 4,5 cm. Ringe: 15 x 1 cm.<\/p>\n","protected":false},"excerpt":{"rendered":"<p>Ringkastespil. Et nemt spil at tage med til strandfesten eller bruge som kastetr\u00e6ning. Du kaster ringene af reb og fors\u00f8ger at f\u00e5 dem til at lande rundt om pindene. Du f\u00e5r point efter tallene, der er markeret i tr\u00e6et. Kvalitet: fyrretr\u00e6, FSC-certificeret. Base 42 x 4,5 cm. Ringe: 15 x 1 cm.<\/p>\n","protected":false},"featured_media":0,"template":"","meta":{"content-type":"","_monsterinsights_skip_tracking":false,"_monsterinsights_sitenote_active":false,"_monsterinsights_sitenote_note":"","_monsterinsights_sitenote_category":0},"product_brand":[],"product_cat":[782],"product_tag":[],"brand":[{"id":2337,"name":"BEX Sport","slug":"bex-sport"}],"target-group":[],"discontinued":[],"class_list":{"0":"post-1370064","1":"product","2":"type-product","3":"status-publish","5":"product_cat-udendoers-spil","6":"brand-bex-sport","8":"first","9":"outofstock","10":"taxable","11":"shipping-taxable","12":"product-type-simple"},"aioseo_notices":[],"_links":{"self":[{"href":"https:\/\/games.tactic.net\/da\/wp-json\/wp\/v2\/product\/1370064","targetHints":{"allow":["GET"]}}],"collection":[{"href":"https:\/\/games.tactic.net\/da\/wp-json\/wp\/v2\/product"}],"about":[{"href":"https:\/\/games.tactic.net\/da\/wp-json\/wp\/v2\/types\/product"}],"wp:attachment":[{"href":"https:\/\/games.tactic.net\/da\/wp-json\/wp\/v2\/media?parent=1370064"}],"wp:term":[{"taxonomy":"product_brand","embeddable":true,"href":"https:\/\/games.tactic.net\/da\/wp-json\/wp\/v2\/product_brand?post=1370064"},{"taxonomy":"product_cat","embeddable":true,"href":"https:\/\/games.tactic.net\/da\/wp-json\/wp\/v2\/product_cat?post=1370064"},{"taxonomy":"product_tag","embeddable":true,"href":"https:\/\/games.tactic.net\/da\/wp-json\/wp\/v2\/product_tag?post=1370064"},{"taxonomy":"brand","embeddable":true,"href":"https:\/\/games.tactic.net\/da\/wp-json\/wp\/v2\/brand?post=1370064"},{"taxonomy":"target-group","embeddable":true,"href":"https:\/\/games.tactic.net\/da\/wp-json\/wp\/v2\/target-group?post=1370064"},{"taxonomy":"discontinued","embeddable":true,"href":"https:\/\/games.tactic.net\/da\/wp-json\/wp\/v2\/discontinued?post=1370064"}],"curies":[{"name":"wp","href":"https:\/\/api.w.org\/{rel}","templated":true}]}}