{"id":1370063,"date":"2026-03-27T14:27:50","date_gmt":"2026-03-27T12:27:50","guid":{"rendered":"https:\/\/games.tactic.net\/tuote\/bex-croquet-family-6-player-fsc-certified\/"},"modified":"2026-03-27T14:27:50","modified_gmt":"2026-03-27T12:27:50","slug":"bex-croquet-family-6-player-fsc-certified","status":"publish","type":"product","link":"https:\/\/games.tactic.net\/da\/tuote\/bex-croquet-family-6-player-fsc-certified\/","title":{"rendered":"Bex Croquet Family 6 player (FSC Certified)"},"content":{"rendered":"<p>Komplet krokets\u00e6t til 6 spillere. Leveres i praktisk taske med h\u00e5ndtag. K\u00f8lleskaft: 75 cm &#8211; K\u00f8llehoved: 15 x 5,5 cm &#8211; Kugle: diameter 7,5 cm St\u00e5lbuer: 27 x 17 Indhold: 6 k\u00f8ller &#8211; 6 kugler &#8211; 2 m\u00e5lst\u00e6nger &#8211; 10 buer &#8211; 1 taske<\/p>\n","protected":false},"excerpt":{"rendered":"<p>Kroket familie 6 spillere (FSC-certificeret)<\/p>\n","protected":false},"featured_media":0,"template":"","meta":{"content-type":"","_monsterinsights_skip_tracking":false,"_monsterinsights_sitenote_active":false,"_monsterinsights_sitenote_note":"","_monsterinsights_sitenote_category":0},"product_brand":[],"product_cat":[782],"product_tag":[],"brand":[{"id":2337,"name":"BEX Sport","slug":"bex-sport"}],"target-group":[],"discontinued":[],"class_list":{"0":"post-1370063","1":"product","2":"type-product","3":"status-publish","5":"product_cat-udendoers-spil","6":"brand-bex-sport","8":"first","9":"instock","10":"taxable","11":"shipping-taxable","12":"product-type-simple"},"aioseo_notices":[],"_links":{"self":[{"href":"https:\/\/games.tactic.net\/da\/wp-json\/wp\/v2\/product\/1370063","targetHints":{"allow":["GET"]}}],"collection":[{"href":"https:\/\/games.tactic.net\/da\/wp-json\/wp\/v2\/product"}],"about":[{"href":"https:\/\/games.tactic.net\/da\/wp-json\/wp\/v2\/types\/product"}],"wp:attachment":[{"href":"https:\/\/games.tactic.net\/da\/wp-json\/wp\/v2\/media?parent=1370063"}],"wp:term":[{"taxonomy":"product_brand","embeddable":true,"href":"https:\/\/games.tactic.net\/da\/wp-json\/wp\/v2\/product_brand?post=1370063"},{"taxonomy":"product_cat","embeddable":true,"href":"https:\/\/games.tactic.net\/da\/wp-json\/wp\/v2\/product_cat?post=1370063"},{"taxonomy":"product_tag","embeddable":true,"href":"https:\/\/games.tactic.net\/da\/wp-json\/wp\/v2\/product_tag?post=1370063"},{"taxonomy":"brand","embeddable":true,"href":"https:\/\/games.tactic.net\/da\/wp-json\/wp\/v2\/brand?post=1370063"},{"taxonomy":"target-group","embeddable":true,"href":"https:\/\/games.tactic.net\/da\/wp-json\/wp\/v2\/target-group?post=1370063"},{"taxonomy":"discontinued","embeddable":true,"href":"https:\/\/games.tactic.net\/da\/wp-json\/wp\/v2\/discontinued?post=1370063"}],"curies":[{"name":"wp","href":"https:\/\/api.w.org\/{rel}","templated":true}]}}