{"id":1370062,"date":"2026-03-27T14:27:43","date_gmt":"2026-03-27T12:27:43","guid":{"rendered":"https:\/\/games.tactic.net\/tuote\/sunsport-tether-ball\/"},"modified":"2026-03-27T14:27:43","modified_gmt":"2026-03-27T12:27:43","slug":"sunsport-tether-ball","status":"publish","type":"product","link":"https:\/\/games.tactic.net\/da\/tuote\/sunsport-tether-ball\/","title":{"rendered":"Sunsport Tether Ball"},"content":{"rendered":"<p>En sjov variant af tennis. I spiller mod hinanden, og vinderen er den, der f\u00f8rst f\u00e5r \u201cmetalspinneren\u201d ned eller op. Nem at s\u00e6tte i gr\u00e6spl\u00e6nen eller sand. Spillet kan indstilles til tre forskellige h\u00f8jder: 124 cm, 131 cm, 138 cm. Spillet er lavet af metal.<\/p>\n","protected":false},"excerpt":{"rendered":"<p>Sunsport Stangtennis<\/p>\n","protected":false},"featured_media":0,"template":"","meta":{"content-type":"","_monsterinsights_skip_tracking":false,"_monsterinsights_sitenote_active":false,"_monsterinsights_sitenote_note":"","_monsterinsights_sitenote_category":0},"product_brand":[],"product_cat":[782],"product_tag":[],"brand":[],"target-group":[],"discontinued":[],"class_list":{"0":"post-1370062","1":"product","2":"type-product","3":"status-publish","5":"product_cat-udendoers-spil","7":"first","8":"instock","9":"taxable","10":"shipping-taxable","11":"product-type-simple"},"aioseo_notices":[],"_links":{"self":[{"href":"https:\/\/games.tactic.net\/da\/wp-json\/wp\/v2\/product\/1370062","targetHints":{"allow":["GET"]}}],"collection":[{"href":"https:\/\/games.tactic.net\/da\/wp-json\/wp\/v2\/product"}],"about":[{"href":"https:\/\/games.tactic.net\/da\/wp-json\/wp\/v2\/types\/product"}],"wp:attachment":[{"href":"https:\/\/games.tactic.net\/da\/wp-json\/wp\/v2\/media?parent=1370062"}],"wp:term":[{"taxonomy":"product_brand","embeddable":true,"href":"https:\/\/games.tactic.net\/da\/wp-json\/wp\/v2\/product_brand?post=1370062"},{"taxonomy":"product_cat","embeddable":true,"href":"https:\/\/games.tactic.net\/da\/wp-json\/wp\/v2\/product_cat?post=1370062"},{"taxonomy":"product_tag","embeddable":true,"href":"https:\/\/games.tactic.net\/da\/wp-json\/wp\/v2\/product_tag?post=1370062"},{"taxonomy":"brand","embeddable":true,"href":"https:\/\/games.tactic.net\/da\/wp-json\/wp\/v2\/brand?post=1370062"},{"taxonomy":"target-group","embeddable":true,"href":"https:\/\/games.tactic.net\/da\/wp-json\/wp\/v2\/target-group?post=1370062"},{"taxonomy":"discontinued","embeddable":true,"href":"https:\/\/games.tactic.net\/da\/wp-json\/wp\/v2\/discontinued?post=1370062"}],"curies":[{"name":"wp","href":"https:\/\/api.w.org\/{rel}","templated":true}]}}