{"id":1370040,"date":"2026-03-26T16:18:45","date_gmt":"2026-03-26T14:18:45","guid":{"rendered":"https:\/\/games.tactic.net\/tuote\/sunsport-neopren-football-5-new-design\/"},"modified":"2026-03-26T16:18:45","modified_gmt":"2026-03-26T14:18:45","slug":"sunsport-neopren-football-5-new-design","status":"publish","type":"product","link":"https:\/\/games.tactic.net\/da\/tuote\/sunsport-neopren-football-5-new-design\/","title":{"rendered":"Sunsport Neopren Football #5 New Design"},"content":{"rendered":"<p>Fodbold i st\u00f8rrelse 5. Kvalitetsneopren med specialgummibl\u00e6k for fantastisk greb og et cool look. Lige s\u00e5 sjov at spille med i vand som p\u00e5 land. St\u00f8rrelse 22 cm i diameter.<\/p>\n","protected":false},"excerpt":{"rendered":"<p>Fodbold i st\u00f8rrelse 5. Kvalitetsneopren med specialgummibl\u00e6k for fantastisk greb og et cool look. Lige s\u00e5 sjov at spille med i vand som p\u00e5 land. St\u00f8rrelse 22 cm i diameter.<\/p>\n","protected":false},"featured_media":0,"template":"","meta":{"content-type":"","_monsterinsights_skip_tracking":false,"_monsterinsights_sitenote_active":false,"_monsterinsights_sitenote_note":"","_monsterinsights_sitenote_category":0},"product_brand":[],"product_cat":[782],"product_tag":[],"brand":[],"target-group":[],"discontinued":[],"class_list":{"0":"post-1370040","1":"product","2":"type-product","3":"status-publish","5":"product_cat-udendoers-spil","7":"first","8":"outofstock","9":"taxable","10":"shipping-taxable","11":"product-type-simple"},"aioseo_notices":[],"_links":{"self":[{"href":"https:\/\/games.tactic.net\/da\/wp-json\/wp\/v2\/product\/1370040","targetHints":{"allow":["GET"]}}],"collection":[{"href":"https:\/\/games.tactic.net\/da\/wp-json\/wp\/v2\/product"}],"about":[{"href":"https:\/\/games.tactic.net\/da\/wp-json\/wp\/v2\/types\/product"}],"wp:attachment":[{"href":"https:\/\/games.tactic.net\/da\/wp-json\/wp\/v2\/media?parent=1370040"}],"wp:term":[{"taxonomy":"product_brand","embeddable":true,"href":"https:\/\/games.tactic.net\/da\/wp-json\/wp\/v2\/product_brand?post=1370040"},{"taxonomy":"product_cat","embeddable":true,"href":"https:\/\/games.tactic.net\/da\/wp-json\/wp\/v2\/product_cat?post=1370040"},{"taxonomy":"product_tag","embeddable":true,"href":"https:\/\/games.tactic.net\/da\/wp-json\/wp\/v2\/product_tag?post=1370040"},{"taxonomy":"brand","embeddable":true,"href":"https:\/\/games.tactic.net\/da\/wp-json\/wp\/v2\/brand?post=1370040"},{"taxonomy":"target-group","embeddable":true,"href":"https:\/\/games.tactic.net\/da\/wp-json\/wp\/v2\/target-group?post=1370040"},{"taxonomy":"discontinued","embeddable":true,"href":"https:\/\/games.tactic.net\/da\/wp-json\/wp\/v2\/discontinued?post=1370040"}],"curies":[{"name":"wp","href":"https:\/\/api.w.org\/{rel}","templated":true}]}}