{"id":1369989,"date":"2026-03-20T18:18:17","date_gmt":"2026-03-20T16:18:17","guid":{"rendered":"https:\/\/games.tactic.net\/tuote\/bex-boccia-original\/"},"modified":"2026-03-20T18:18:17","modified_gmt":"2026-03-20T16:18:17","slug":"bex-boccia-original","status":"publish","type":"product","link":"https:\/\/games.tactic.net\/da\/tuote\/bex-boccia-original\/","title":{"rendered":"Bex Boccia Original"},"content":{"rendered":"<p>Boccia i tr\u00e6. Spillet spilles p\u00e5 gr\u00e6s. Kast kuglerne s\u00e5 t\u00e6t p\u00e5 \u201cjacken\u201d som muligt. F\u00f8rst til 13 point vinder. Indeholder: 4 x 2 stk. bocciakugler (diameter 7,2 cm, v\u00e6gt 200 gram), 1 stk. jack (m\u00e5lkugle), 4-farvet displaykarton, regelbog, 1 stk. opbevarings-\/b\u00e6retaske.<\/p>\n","protected":false},"excerpt":{"rendered":"<p>Boccia i tr\u00e6. Spillet spilles p\u00e5 gr\u00e6s. Kast kuglerne s\u00e5 t\u00e6t p\u00e5 \u201cjacken\u201d som muligt. F\u00f8rst til 13 point vinder. Indeholder: 4 x 2 stk. bocciakugler (diameter 7,2 cm, v\u00e6gt 200 gram), 1 stk. jack (m\u00e5lkugle), 4-farvet displaykarton, regelbog, 1 stk. opbevarings-\/b\u00e6retaske.<\/p>\n","protected":false},"featured_media":0,"template":"","meta":{"content-type":"","_monsterinsights_skip_tracking":false,"_monsterinsights_sitenote_active":false,"_monsterinsights_sitenote_note":"","_monsterinsights_sitenote_category":0},"product_brand":[],"product_cat":[782],"product_tag":[],"brand":[],"target-group":[],"discontinued":[],"class_list":{"0":"post-1369989","1":"product","2":"type-product","3":"status-publish","5":"product_cat-udendoers-spil","7":"first","8":"instock","9":"taxable","10":"shipping-taxable","11":"product-type-simple"},"aioseo_notices":[],"_links":{"self":[{"href":"https:\/\/games.tactic.net\/da\/wp-json\/wp\/v2\/product\/1369989","targetHints":{"allow":["GET"]}}],"collection":[{"href":"https:\/\/games.tactic.net\/da\/wp-json\/wp\/v2\/product"}],"about":[{"href":"https:\/\/games.tactic.net\/da\/wp-json\/wp\/v2\/types\/product"}],"wp:attachment":[{"href":"https:\/\/games.tactic.net\/da\/wp-json\/wp\/v2\/media?parent=1369989"}],"wp:term":[{"taxonomy":"product_brand","embeddable":true,"href":"https:\/\/games.tactic.net\/da\/wp-json\/wp\/v2\/product_brand?post=1369989"},{"taxonomy":"product_cat","embeddable":true,"href":"https:\/\/games.tactic.net\/da\/wp-json\/wp\/v2\/product_cat?post=1369989"},{"taxonomy":"product_tag","embeddable":true,"href":"https:\/\/games.tactic.net\/da\/wp-json\/wp\/v2\/product_tag?post=1369989"},{"taxonomy":"brand","embeddable":true,"href":"https:\/\/games.tactic.net\/da\/wp-json\/wp\/v2\/brand?post=1369989"},{"taxonomy":"target-group","embeddable":true,"href":"https:\/\/games.tactic.net\/da\/wp-json\/wp\/v2\/target-group?post=1369989"},{"taxonomy":"discontinued","embeddable":true,"href":"https:\/\/games.tactic.net\/da\/wp-json\/wp\/v2\/discontinued?post=1369989"}],"curies":[{"name":"wp","href":"https:\/\/api.w.org\/{rel}","templated":true}]}}