{"id":1369983,"date":"2026-03-20T08:21:12","date_gmt":"2026-03-20T06:21:12","guid":{"rendered":"https:\/\/games.tactic.net\/tuote\/lumo-stars-planet-pals-deze-10-cm\/"},"modified":"2026-03-20T08:21:12","modified_gmt":"2026-03-20T06:21:12","slug":"lumo-stars-planet-pals-deze-10-cm","status":"publish","type":"product","link":"https:\/\/games.tactic.net\/da\/tuote\/lumo-stars-planet-pals-deze-10-cm\/","title":{"rendered":"Lumo Stars Planet Pals Deze 10 cm"},"content":{"rendered":"<p>Intelligent og modstandsdygtig elsker Deze \u00f8rkenen. Han l\u00e6rer os, hvordan man beskytter dette t\u00f8rre \u00f8kosystem, og minder os om, at selv barske landskaber har brug for omsorg.<\/p>\n<p>Fremstillet med k\u00e6rlighed \u2013 og af genbrugsmaterialer, til gavn for naturen.<\/p>\n<p>Denne 10 cm plysdyr er nem at tage med overalt, da den nemt kan clipses fast p\u00e5 en skoletaske eller endda bruges som n\u00f8glering med sin metalclips.<\/p>\n","protected":false},"excerpt":{"rendered":"<p>Intelligent og modstandsdygtig elsker Deze \u00f8rkenen.<\/p>\n","protected":false},"featured_media":0,"template":"","meta":{"content-type":"","_monsterinsights_skip_tracking":false,"_monsterinsights_sitenote_active":false,"_monsterinsights_sitenote_note":"","_monsterinsights_sitenote_category":0},"product_brand":[],"product_cat":[1642],"product_tag":[],"brand":[{"id":1020,"name":"Lumo Stars","slug":"lumo-stars_dk"}],"target-group":[],"discontinued":[],"class_list":{"0":"post-1369983","1":"product","2":"type-product","3":"status-publish","5":"product_cat-mini-bamser-lumo-stars-6","6":"brand-lumo-stars_dk","8":"first","9":"instock","10":"taxable","11":"shipping-taxable","12":"product-type-simple"},"aioseo_notices":[],"_links":{"self":[{"href":"https:\/\/games.tactic.net\/da\/wp-json\/wp\/v2\/product\/1369983","targetHints":{"allow":["GET"]}}],"collection":[{"href":"https:\/\/games.tactic.net\/da\/wp-json\/wp\/v2\/product"}],"about":[{"href":"https:\/\/games.tactic.net\/da\/wp-json\/wp\/v2\/types\/product"}],"wp:attachment":[{"href":"https:\/\/games.tactic.net\/da\/wp-json\/wp\/v2\/media?parent=1369983"}],"wp:term":[{"taxonomy":"product_brand","embeddable":true,"href":"https:\/\/games.tactic.net\/da\/wp-json\/wp\/v2\/product_brand?post=1369983"},{"taxonomy":"product_cat","embeddable":true,"href":"https:\/\/games.tactic.net\/da\/wp-json\/wp\/v2\/product_cat?post=1369983"},{"taxonomy":"product_tag","embeddable":true,"href":"https:\/\/games.tactic.net\/da\/wp-json\/wp\/v2\/product_tag?post=1369983"},{"taxonomy":"brand","embeddable":true,"href":"https:\/\/games.tactic.net\/da\/wp-json\/wp\/v2\/brand?post=1369983"},{"taxonomy":"target-group","embeddable":true,"href":"https:\/\/games.tactic.net\/da\/wp-json\/wp\/v2\/target-group?post=1369983"},{"taxonomy":"discontinued","embeddable":true,"href":"https:\/\/games.tactic.net\/da\/wp-json\/wp\/v2\/discontinued?post=1369983"}],"curies":[{"name":"wp","href":"https:\/\/api.w.org\/{rel}","templated":true}]}}