{"id":1369849,"date":"2026-03-11T15:16:36","date_gmt":"2026-03-11T13:16:36","guid":{"rendered":"https:\/\/games.tactic.net\/tuote\/bex-cornhole-family-fsc-1pc-mdf\/"},"modified":"2026-03-11T15:16:36","modified_gmt":"2026-03-11T13:16:36","slug":"bex-cornhole-family-fsc-1pc-mdf","status":"publish","type":"product","link":"https:\/\/games.tactic.net\/da\/tuote\/bex-cornhole-family-fsc-1pc-mdf\/","title":{"rendered":"BEX Cornhole Family FSC 1pc MDF"},"content":{"rendered":"<p>Cornhole Family. Det meget popul\u00e6re Cornhole-spil! En international bestseller. Enkle spilleregler, f\u00f8rst til 21 point vinder. Indeholder 1 spillebr\u00e6t af FSC-certificeret tr\u00e6, st\u00f8rrelse 60 x 30 cm, 2 s\u00e6t poser.<\/p>\n","protected":false},"excerpt":{"rendered":"<p>Cornhole Family. Det meget popul\u00e6re Cornhole-spil! En international bestseller. Enkle spilleregler, f\u00f8rst til 21 point vinder. Indeholder 1 spillebr\u00e6t af FSC-certificeret tr\u00e6, st\u00f8rrelse 60 x 30 cm, 2 s\u00e6t poser.<\/p>\n","protected":false},"featured_media":0,"template":"","meta":{"content-type":"","_monsterinsights_skip_tracking":false,"_monsterinsights_sitenote_active":false,"_monsterinsights_sitenote_note":"","_monsterinsights_sitenote_category":0},"product_brand":[],"product_cat":[782],"product_tag":[],"brand":[],"target-group":[],"discontinued":[],"class_list":{"0":"post-1369849","1":"product","2":"type-product","3":"status-publish","5":"product_cat-udendoers-spil","7":"first","8":"outofstock","9":"taxable","10":"shipping-taxable","11":"product-type-simple"},"aioseo_notices":[],"_links":{"self":[{"href":"https:\/\/games.tactic.net\/da\/wp-json\/wp\/v2\/product\/1369849","targetHints":{"allow":["GET"]}}],"collection":[{"href":"https:\/\/games.tactic.net\/da\/wp-json\/wp\/v2\/product"}],"about":[{"href":"https:\/\/games.tactic.net\/da\/wp-json\/wp\/v2\/types\/product"}],"wp:attachment":[{"href":"https:\/\/games.tactic.net\/da\/wp-json\/wp\/v2\/media?parent=1369849"}],"wp:term":[{"taxonomy":"product_brand","embeddable":true,"href":"https:\/\/games.tactic.net\/da\/wp-json\/wp\/v2\/product_brand?post=1369849"},{"taxonomy":"product_cat","embeddable":true,"href":"https:\/\/games.tactic.net\/da\/wp-json\/wp\/v2\/product_cat?post=1369849"},{"taxonomy":"product_tag","embeddable":true,"href":"https:\/\/games.tactic.net\/da\/wp-json\/wp\/v2\/product_tag?post=1369849"},{"taxonomy":"brand","embeddable":true,"href":"https:\/\/games.tactic.net\/da\/wp-json\/wp\/v2\/brand?post=1369849"},{"taxonomy":"target-group","embeddable":true,"href":"https:\/\/games.tactic.net\/da\/wp-json\/wp\/v2\/target-group?post=1369849"},{"taxonomy":"discontinued","embeddable":true,"href":"https:\/\/games.tactic.net\/da\/wp-json\/wp\/v2\/discontinued?post=1369849"}],"curies":[{"name":"wp","href":"https:\/\/api.w.org\/{rel}","templated":true}]}}