{"id":1369820,"date":"2026-03-11T15:13:29","date_gmt":"2026-03-11T13:13:29","guid":{"rendered":"https:\/\/games.tactic.net\/tuote\/bex-kubb-family-fsc-certified\/"},"modified":"2026-03-11T15:13:29","modified_gmt":"2026-03-11T13:13:29","slug":"bex-kubb-family-fsc-certified","status":"publish","type":"product","link":"https:\/\/games.tactic.net\/da\/tuote\/bex-kubb-family-fsc-certified\/","title":{"rendered":"Bex Kubb Family (FSC Certified)"},"content":{"rendered":"<p>Kubb, det traditionelle nordiske kastespil. Kvalitet: fyrretr\u00e6, FSC-certificeret. St\u00f8rrelse: Konge 30 x 6,5 cm, kastepind 30 x 3,5 cm, kubbe 15 x 5,5 cm. Indeholder 1 konge, 6 kastepinde, 10 kubber, 4 omr\u00e5demark\u00f8rer, 1 non-woven taske med h\u00e5ndtag, flersproget regelbog med instruktioner.<\/p>\n","protected":false},"excerpt":{"rendered":"<p>Kubb, det traditionelle nordiske kastespil. Kvalitet: fyrretr\u00e6, FSC-certificeret. St\u00f8rrelse: Konge 30 x 6,5 cm, kastepind 30 x 3,5 cm, kubbe 15 x 5,5 cm. Indeholder 1 konge, 6 kastepinde, 10 kubber, 4 omr\u00e5demark\u00f8rer, 1 non-woven taske med h\u00e5ndtag, flersproget regelbog med instruktioner.<\/p>\n","protected":false},"featured_media":0,"template":"","meta":{"content-type":"","_monsterinsights_skip_tracking":false,"_monsterinsights_sitenote_active":false,"_monsterinsights_sitenote_note":"","_monsterinsights_sitenote_category":0},"product_brand":[],"product_cat":[782],"product_tag":[],"brand":[],"target-group":[],"discontinued":[],"class_list":{"0":"post-1369820","1":"product","2":"type-product","3":"status-publish","5":"product_cat-udendoers-spil","7":"first","8":"outofstock","9":"taxable","10":"shipping-taxable","11":"product-type-simple"},"aioseo_notices":[],"_links":{"self":[{"href":"https:\/\/games.tactic.net\/da\/wp-json\/wp\/v2\/product\/1369820","targetHints":{"allow":["GET"]}}],"collection":[{"href":"https:\/\/games.tactic.net\/da\/wp-json\/wp\/v2\/product"}],"about":[{"href":"https:\/\/games.tactic.net\/da\/wp-json\/wp\/v2\/types\/product"}],"wp:attachment":[{"href":"https:\/\/games.tactic.net\/da\/wp-json\/wp\/v2\/media?parent=1369820"}],"wp:term":[{"taxonomy":"product_brand","embeddable":true,"href":"https:\/\/games.tactic.net\/da\/wp-json\/wp\/v2\/product_brand?post=1369820"},{"taxonomy":"product_cat","embeddable":true,"href":"https:\/\/games.tactic.net\/da\/wp-json\/wp\/v2\/product_cat?post=1369820"},{"taxonomy":"product_tag","embeddable":true,"href":"https:\/\/games.tactic.net\/da\/wp-json\/wp\/v2\/product_tag?post=1369820"},{"taxonomy":"brand","embeddable":true,"href":"https:\/\/games.tactic.net\/da\/wp-json\/wp\/v2\/brand?post=1369820"},{"taxonomy":"target-group","embeddable":true,"href":"https:\/\/games.tactic.net\/da\/wp-json\/wp\/v2\/target-group?post=1369820"},{"taxonomy":"discontinued","embeddable":true,"href":"https:\/\/games.tactic.net\/da\/wp-json\/wp\/v2\/discontinued?post=1369820"}],"curies":[{"name":"wp","href":"https:\/\/api.w.org\/{rel}","templated":true}]}}