{"id":1369806,"date":"2026-03-11T15:12:21","date_gmt":"2026-03-11T13:12:21","guid":{"rendered":"https:\/\/games.tactic.net\/tuote\/bex-kubb-original-red-king\/"},"modified":"2026-03-11T15:12:21","modified_gmt":"2026-03-11T13:12:21","slug":"bex-kubb-original-red-king","status":"publish","type":"product","link":"https:\/\/games.tactic.net\/da\/tuote\/bex-kubb-original-red-king\/","title":{"rendered":"Bex Kubb Original, Red king"},"content":{"rendered":"<p>Kubb, r\u00f8d konge. Det traditionelle nordiske kastespil. Kvalitet: gummitr\u00e6. St\u00f8rrelse: Konge 30 x 7,5 cm, kastepind 30 x 4 cm, kubbe 15 x 6 cm. Indeholder 1 konge, 6 kastepinde, 10 kubber, 4 omr\u00e5demark\u00f8rer, 1 non-woven taske med h\u00e5ndtag, flersproget regelbog med instruktioner.<\/p>\n","protected":false},"excerpt":{"rendered":"<p>Kubb, r\u00f8d konge. Det traditionelle nordiske kastespil. Kvalitet: gummitr\u00e6. St\u00f8rrelse: Konge 30 x 7,5 cm, kastepind 30 x 4 cm, kubbe 15 x 6 cm. Indeholder 1 konge, 6 kastepinde, 10 kubber, 4 omr\u00e5demark\u00f8rer, 1 non-woven taske med h\u00e5ndtag, flersproget regelbog med instruktioner.<\/p>\n","protected":false},"featured_media":0,"template":"","meta":{"content-type":"","_monsterinsights_skip_tracking":false,"_monsterinsights_sitenote_active":false,"_monsterinsights_sitenote_note":"","_monsterinsights_sitenote_category":0},"product_brand":[],"product_cat":[782],"product_tag":[],"brand":[],"target-group":[],"discontinued":[],"class_list":{"0":"post-1369806","1":"product","2":"type-product","3":"status-publish","5":"product_cat-udendoers-spil","7":"first","8":"instock","9":"taxable","10":"shipping-taxable","11":"product-type-simple"},"aioseo_notices":[],"_links":{"self":[{"href":"https:\/\/games.tactic.net\/da\/wp-json\/wp\/v2\/product\/1369806","targetHints":{"allow":["GET"]}}],"collection":[{"href":"https:\/\/games.tactic.net\/da\/wp-json\/wp\/v2\/product"}],"about":[{"href":"https:\/\/games.tactic.net\/da\/wp-json\/wp\/v2\/types\/product"}],"wp:attachment":[{"href":"https:\/\/games.tactic.net\/da\/wp-json\/wp\/v2\/media?parent=1369806"}],"wp:term":[{"taxonomy":"product_brand","embeddable":true,"href":"https:\/\/games.tactic.net\/da\/wp-json\/wp\/v2\/product_brand?post=1369806"},{"taxonomy":"product_cat","embeddable":true,"href":"https:\/\/games.tactic.net\/da\/wp-json\/wp\/v2\/product_cat?post=1369806"},{"taxonomy":"product_tag","embeddable":true,"href":"https:\/\/games.tactic.net\/da\/wp-json\/wp\/v2\/product_tag?post=1369806"},{"taxonomy":"brand","embeddable":true,"href":"https:\/\/games.tactic.net\/da\/wp-json\/wp\/v2\/brand?post=1369806"},{"taxonomy":"target-group","embeddable":true,"href":"https:\/\/games.tactic.net\/da\/wp-json\/wp\/v2\/target-group?post=1369806"},{"taxonomy":"discontinued","embeddable":true,"href":"https:\/\/games.tactic.net\/da\/wp-json\/wp\/v2\/discontinued?post=1369806"}],"curies":[{"name":"wp","href":"https:\/\/api.w.org\/{rel}","templated":true}]}}