{"id":1369790,"date":"2026-03-11T15:10:43","date_gmt":"2026-03-11T13:10:43","guid":{"rendered":"https:\/\/games.tactic.net\/tuote\/spin-ladder-original\/"},"modified":"2026-03-11T15:10:43","modified_gmt":"2026-03-11T13:10:43","slug":"spin-ladder-original","status":"publish","type":"product","link":"https:\/\/games.tactic.net\/da\/tuote\/spin-ladder-original\/","title":{"rendered":"Spin Ladder Original"},"content":{"rendered":"<p>Du f\u00e5r point, alt efter hvilket niveau p\u00e5 stigen du rammer! St\u00f8rrelse: 88,5 x 60 x 57 cm.<br \/>\nIndeholder: 3 par r\u00f8de kugler &#8211; 3 par bl\u00e5 kugler &#8211; 1 pose (til kuglerne) &#8211; Tr\u00e6stativ Regler og instruktioner.<br \/>\nTr\u00e6stativet er lavet af fyrretr\u00e6, og kuglerne er lavet af lakeret gummitr\u00e6. V\u00e6gt: 2 kg<\/p>\n","protected":false},"excerpt":{"rendered":"<p>Stigegolf Original<\/p>\n","protected":false},"featured_media":0,"template":"","meta":{"content-type":"","_monsterinsights_skip_tracking":false,"_monsterinsights_sitenote_active":false,"_monsterinsights_sitenote_note":"","_monsterinsights_sitenote_category":0},"product_brand":[],"product_cat":[782],"product_tag":[],"brand":[],"target-group":[],"discontinued":[],"class_list":{"0":"post-1369790","1":"product","2":"type-product","3":"status-publish","5":"product_cat-udendoers-spil","7":"first","8":"outofstock","9":"taxable","10":"shipping-taxable","11":"product-type-simple"},"aioseo_notices":[],"_links":{"self":[{"href":"https:\/\/games.tactic.net\/da\/wp-json\/wp\/v2\/product\/1369790","targetHints":{"allow":["GET"]}}],"collection":[{"href":"https:\/\/games.tactic.net\/da\/wp-json\/wp\/v2\/product"}],"about":[{"href":"https:\/\/games.tactic.net\/da\/wp-json\/wp\/v2\/types\/product"}],"wp:attachment":[{"href":"https:\/\/games.tactic.net\/da\/wp-json\/wp\/v2\/media?parent=1369790"}],"wp:term":[{"taxonomy":"product_brand","embeddable":true,"href":"https:\/\/games.tactic.net\/da\/wp-json\/wp\/v2\/product_brand?post=1369790"},{"taxonomy":"product_cat","embeddable":true,"href":"https:\/\/games.tactic.net\/da\/wp-json\/wp\/v2\/product_cat?post=1369790"},{"taxonomy":"product_tag","embeddable":true,"href":"https:\/\/games.tactic.net\/da\/wp-json\/wp\/v2\/product_tag?post=1369790"},{"taxonomy":"brand","embeddable":true,"href":"https:\/\/games.tactic.net\/da\/wp-json\/wp\/v2\/brand?post=1369790"},{"taxonomy":"target-group","embeddable":true,"href":"https:\/\/games.tactic.net\/da\/wp-json\/wp\/v2\/target-group?post=1369790"},{"taxonomy":"discontinued","embeddable":true,"href":"https:\/\/games.tactic.net\/da\/wp-json\/wp\/v2\/discontinued?post=1369790"}],"curies":[{"name":"wp","href":"https:\/\/api.w.org\/{rel}","templated":true}]}}