{"id":1369784,"date":"2026-03-11T15:10:03","date_gmt":"2026-03-11T13:10:03","guid":{"rendered":"https:\/\/games.tactic.net\/tuote\/sunsport-badminton-2-rackets-and-balls\/"},"modified":"2026-03-11T15:10:03","modified_gmt":"2026-03-11T13:10:03","slug":"sunsport-badminton-2-rackets-and-balls","status":"publish","type":"product","link":"https:\/\/games.tactic.net\/da\/tuote\/sunsport-badminton-2-rackets-and-balls\/","title":{"rendered":"Sunsport Badminton 2 rackets and balls"},"content":{"rendered":"<p>Badminton er en ketsjersport for to eller fire spillere. I alt sin enkelthed g\u00e5r det ud p\u00e5, at sl\u00e5 bolden med ketsjeren, s\u00e5 den flyver over nettet til den anden banehalvdel, gerne s\u00e5 modstanderen ikke kan n\u00e5 bolden, f\u00f8r den rammer jorden indenfor banens gr\u00e6nser.<\/p>\n","protected":false},"excerpt":{"rendered":"<p>Sunsport Badminton 2 ketsjere og bolde<\/p>\n","protected":false},"featured_media":0,"template":"","meta":{"content-type":"","_monsterinsights_skip_tracking":false,"_monsterinsights_sitenote_active":false,"_monsterinsights_sitenote_note":"","_monsterinsights_sitenote_category":0},"product_brand":[],"product_cat":[782],"product_tag":[],"brand":[{"id":2337,"name":"BEX Sport","slug":"bex-sport"}],"target-group":[],"discontinued":[],"class_list":{"0":"post-1369784","1":"product","2":"type-product","3":"status-publish","5":"product_cat-udendoers-spil","6":"brand-bex-sport","8":"first","9":"instock","10":"taxable","11":"shipping-taxable","12":"product-type-simple"},"aioseo_notices":[],"_links":{"self":[{"href":"https:\/\/games.tactic.net\/da\/wp-json\/wp\/v2\/product\/1369784","targetHints":{"allow":["GET"]}}],"collection":[{"href":"https:\/\/games.tactic.net\/da\/wp-json\/wp\/v2\/product"}],"about":[{"href":"https:\/\/games.tactic.net\/da\/wp-json\/wp\/v2\/types\/product"}],"wp:attachment":[{"href":"https:\/\/games.tactic.net\/da\/wp-json\/wp\/v2\/media?parent=1369784"}],"wp:term":[{"taxonomy":"product_brand","embeddable":true,"href":"https:\/\/games.tactic.net\/da\/wp-json\/wp\/v2\/product_brand?post=1369784"},{"taxonomy":"product_cat","embeddable":true,"href":"https:\/\/games.tactic.net\/da\/wp-json\/wp\/v2\/product_cat?post=1369784"},{"taxonomy":"product_tag","embeddable":true,"href":"https:\/\/games.tactic.net\/da\/wp-json\/wp\/v2\/product_tag?post=1369784"},{"taxonomy":"brand","embeddable":true,"href":"https:\/\/games.tactic.net\/da\/wp-json\/wp\/v2\/brand?post=1369784"},{"taxonomy":"target-group","embeddable":true,"href":"https:\/\/games.tactic.net\/da\/wp-json\/wp\/v2\/target-group?post=1369784"},{"taxonomy":"discontinued","embeddable":true,"href":"https:\/\/games.tactic.net\/da\/wp-json\/wp\/v2\/discontinued?post=1369784"}],"curies":[{"name":"wp","href":"https:\/\/api.w.org\/{rel}","templated":true}]}}