{"id":1369730,"date":"2026-02-24T13:37:40","date_gmt":"2026-02-24T11:37:40","guid":{"rendered":"https:\/\/games.tactic.net\/tuote\/deutz-fahr-8280-ttv-warrior\/"},"modified":"2026-02-24T13:37:40","modified_gmt":"2026-02-24T11:37:40","slug":"deutz-fahr-8280-ttv-warrior","status":"publish","type":"product","link":"https:\/\/games.tactic.net\/da\/tuote\/deutz-fahr-8280-ttv-warrior\/","title":{"rendered":"DEUTZ-FAHR 8280 TTV Warrior"},"content":{"rendered":"<p>DEUTZ-FAHR 8280 TTV: Kraft og pr\u00e6cision.<\/p>\n<p>8280 TTV er en p\u00e5lidelig og effektiv arbejdsmaskine med den perfekte teknologiske kombination til professionelle landm\u00e6nd. Med imponerende 287 hk klarer denne traktor enhver udfordring.<\/p>\n<p>Den eksklusive sorte version, Warrior, imponerer is\u00e6r med sit markante design. N\u00e5r det g\u00e6lder funktionalitet og kvalitet, f\u00f8lger den nye BRUDER-model i skala 1:16 virksomhedens motto: \u201cjust like the real thing\u201d.<\/p>\n<p>F\u00f8rerhuset er fuldt glasindd\u00e6kket og udstyret med let\u00e5bnende d\u00f8re.<\/p>\n<p>Den oplukkelige motorhjelm afsl\u00f8rer motoren.<\/p>\n<p>Nem man\u00f8vrering sikres af den indbyggede pendulaksel samt et styreh\u00e5ndtag, der kan f\u00f8res gennem det skydelige tag.<\/p>\n<p>En frontl\u00e6sser (varenr. 03333) kan monteres p\u00e5 modellen. Aftagelige hjul \u00f8ger legegl\u00e6den.<\/p>\n<p>Du kan g\u00f8re denne flotte traktor endnu mere v\u00e6rdifuld ved at tilf\u00f8je v\u00e6rkstedss\u00e6ttet med figur (varenr. 62100). Selvf\u00f8lgelig passer alle BRUDER landbrugsvogne og -redskaber perfekt til denne lille sorte perle.<\/p>\n","protected":false},"excerpt":{"rendered":"<p>DEUTZ-FAHR 8280 TTV: Kraft og pr\u00e6cision.<\/p>\n","protected":false},"featured_media":0,"template":"","meta":{"content-type":"","_monsterinsights_skip_tracking":false,"_monsterinsights_sitenote_active":false,"_monsterinsights_sitenote_note":"","_monsterinsights_sitenote_category":0},"product_brand":[],"product_cat":[1498],"product_tag":[],"brand":[],"target-group":[],"discontinued":[],"class_list":{"0":"post-1369730","1":"product","2":"type-product","3":"status-publish","5":"product_cat-bruder-legetoej","7":"first","8":"instock","9":"taxable","10":"shipping-taxable","11":"product-type-simple"},"aioseo_notices":[],"_links":{"self":[{"href":"https:\/\/games.tactic.net\/da\/wp-json\/wp\/v2\/product\/1369730","targetHints":{"allow":["GET"]}}],"collection":[{"href":"https:\/\/games.tactic.net\/da\/wp-json\/wp\/v2\/product"}],"about":[{"href":"https:\/\/games.tactic.net\/da\/wp-json\/wp\/v2\/types\/product"}],"wp:attachment":[{"href":"https:\/\/games.tactic.net\/da\/wp-json\/wp\/v2\/media?parent=1369730"}],"wp:term":[{"taxonomy":"product_brand","embeddable":true,"href":"https:\/\/games.tactic.net\/da\/wp-json\/wp\/v2\/product_brand?post=1369730"},{"taxonomy":"product_cat","embeddable":true,"href":"https:\/\/games.tactic.net\/da\/wp-json\/wp\/v2\/product_cat?post=1369730"},{"taxonomy":"product_tag","embeddable":true,"href":"https:\/\/games.tactic.net\/da\/wp-json\/wp\/v2\/product_tag?post=1369730"},{"taxonomy":"brand","embeddable":true,"href":"https:\/\/games.tactic.net\/da\/wp-json\/wp\/v2\/brand?post=1369730"},{"taxonomy":"target-group","embeddable":true,"href":"https:\/\/games.tactic.net\/da\/wp-json\/wp\/v2\/target-group?post=1369730"},{"taxonomy":"discontinued","embeddable":true,"href":"https:\/\/games.tactic.net\/da\/wp-json\/wp\/v2\/discontinued?post=1369730"}],"curies":[{"name":"wp","href":"https:\/\/api.w.org\/{rel}","templated":true}]}}