{"id":1369729,"date":"2026-02-24T13:37:34","date_gmt":"2026-02-24T11:37:34","guid":{"rendered":"https:\/\/games.tactic.net\/tuote\/man-tga-skip-container-truck\/"},"modified":"2026-02-24T13:37:34","modified_gmt":"2026-02-24T11:37:34","slug":"man-tga-skip-container-truck","status":"publish","type":"product","link":"https:\/\/games.tactic.net\/da\/tuote\/man-tga-skip-container-truck\/","title":{"rendered":"MAN TGA Skip container truck"},"content":{"rendered":"<p>Affaldscontainere \u2013 ogs\u00e5 kendt som skippere \u2013 findes p\u00e5 n\u00e6sten alle byggepladser. De g\u00f8r det muligt at l\u00e6sse nedrivningsaffald, jord og andre materialer uden, at hele lastbilen beh\u00f8ver at vente.<\/p>\n<p>For sm\u00e5 byggearbejdere f\u00e5s MAN TGA skip-l\u00e6sseren i moderne farver som en del af temaet for erhvervsk\u00f8ret\u00f8jer.<\/p>\n<p>Containeren kan l\u00e6sses og afl\u00e6sses med \u00e9n enkel bev\u00e6gelse.<\/p>\n<p>N\u00e5r k\u00e6derne er fjernet, kan containeren blive st\u00e5ende, og lastbilen er fri til andre opgaver.<\/p>\n<p>Lastbilens st\u00f8tteben kan sl\u00e5s ud for bedre stabilitet under l\u00e6sning og afl\u00e6sning.<\/p>\n<p>Den velkendte MAN TGA-f\u00f8rerkabine kan vippes frem, s\u00e5 motorblokken bliver synlig.<\/p>\n","protected":false},"excerpt":{"rendered":"<p>Affaldscontainere \u2013 ogs\u00e5 kendt som skippere \u2013 findes p\u00e5 n\u00e6sten alle byggepladser. De g\u00f8r det muligt at l\u00e6sse nedrivningsaffald, jord og andre materialer uden, at hele lastbilen beh\u00f8ver at vente.<\/p>\n","protected":false},"featured_media":0,"template":"","meta":{"content-type":"","_monsterinsights_skip_tracking":false,"_monsterinsights_sitenote_active":false,"_monsterinsights_sitenote_note":"","_monsterinsights_sitenote_category":0},"product_brand":[],"product_cat":[1498],"product_tag":[],"brand":[],"target-group":[],"discontinued":[],"class_list":{"0":"post-1369729","1":"product","2":"type-product","3":"status-publish","5":"product_cat-bruder-legetoej","7":"first","8":"instock","9":"taxable","10":"shipping-taxable","11":"product-type-simple"},"aioseo_notices":[],"_links":{"self":[{"href":"https:\/\/games.tactic.net\/da\/wp-json\/wp\/v2\/product\/1369729","targetHints":{"allow":["GET"]}}],"collection":[{"href":"https:\/\/games.tactic.net\/da\/wp-json\/wp\/v2\/product"}],"about":[{"href":"https:\/\/games.tactic.net\/da\/wp-json\/wp\/v2\/types\/product"}],"wp:attachment":[{"href":"https:\/\/games.tactic.net\/da\/wp-json\/wp\/v2\/media?parent=1369729"}],"wp:term":[{"taxonomy":"product_brand","embeddable":true,"href":"https:\/\/games.tactic.net\/da\/wp-json\/wp\/v2\/product_brand?post=1369729"},{"taxonomy":"product_cat","embeddable":true,"href":"https:\/\/games.tactic.net\/da\/wp-json\/wp\/v2\/product_cat?post=1369729"},{"taxonomy":"product_tag","embeddable":true,"href":"https:\/\/games.tactic.net\/da\/wp-json\/wp\/v2\/product_tag?post=1369729"},{"taxonomy":"brand","embeddable":true,"href":"https:\/\/games.tactic.net\/da\/wp-json\/wp\/v2\/brand?post=1369729"},{"taxonomy":"target-group","embeddable":true,"href":"https:\/\/games.tactic.net\/da\/wp-json\/wp\/v2\/target-group?post=1369729"},{"taxonomy":"discontinued","embeddable":true,"href":"https:\/\/games.tactic.net\/da\/wp-json\/wp\/v2\/discontinued?post=1369729"}],"curies":[{"name":"wp","href":"https:\/\/api.w.org\/{rel}","templated":true}]}}