{"id":1369728,"date":"2026-02-24T13:37:28","date_gmt":"2026-02-24T11:37:28","guid":{"rendered":"https:\/\/games.tactic.net\/tuote\/self-loading-bale-trailer\/"},"modified":"2026-02-24T13:37:28","modified_gmt":"2026-02-24T11:37:28","slug":"self-loading-bale-trailer","status":"publish","type":"product","link":"https:\/\/games.tactic.net\/da\/tuote\/self-loading-bale-trailer\/","title":{"rendered":"Self loading bale trailer"},"content":{"rendered":"<p>I moderne landbrug er effektivitet en afg\u00f8rende faktor.<\/p>\n<p>BRUDER rundballeopsamleren giver unge landm\u00e6nd mulighed for at opleve disse fordele gennem leg.<\/p>\n<p>Anh\u00e6ngeren kan kobles bag p\u00e5 traktorer i 1000\u20133000-serien eller direkte bag en rundballepresser ved hj\u00e6lp af BRUDERs tr\u00e6kkrog.<\/p>\n<p>Takket v\u00e6re tr\u00e6kkrogens sideforskydning kan rundballerne placeres direkte p\u00e5 opsamlingsmekanismen og derefter nemt l\u00f8ftes op p\u00e5 l\u00e6sseomr\u00e5det.<\/p>\n<p>Afl\u00e6sning sker nemt ved at \u00e5bne l\u00e5sene og vippe ladet.<\/p>\n<p>Det omfattende BRUDER-sortiment inden for landbrug omfatter adskillige traktorer i 1000\u20133000-serien samt ballepressere med den typiske BRUDER-tr\u00e6kkrog.<\/p>\n","protected":false},"excerpt":{"rendered":"<p>I moderne landbrug er effektivitet en afg\u00f8rende faktor.<\/p>\n<p>BRUDER rundballeopsamleren giver unge landm\u00e6nd mulighed for at opleve disse fordele gennem leg.<\/p>\n","protected":false},"featured_media":0,"template":"","meta":{"content-type":"","_monsterinsights_skip_tracking":false,"_monsterinsights_sitenote_active":false,"_monsterinsights_sitenote_note":"","_monsterinsights_sitenote_category":0},"product_brand":[],"product_cat":[1498],"product_tag":[],"brand":[],"target-group":[],"discontinued":[],"class_list":{"0":"post-1369728","1":"product","2":"type-product","3":"status-publish","5":"product_cat-bruder-legetoej","7":"first","8":"instock","9":"taxable","10":"shipping-taxable","11":"product-type-simple"},"aioseo_notices":[],"_links":{"self":[{"href":"https:\/\/games.tactic.net\/da\/wp-json\/wp\/v2\/product\/1369728","targetHints":{"allow":["GET"]}}],"collection":[{"href":"https:\/\/games.tactic.net\/da\/wp-json\/wp\/v2\/product"}],"about":[{"href":"https:\/\/games.tactic.net\/da\/wp-json\/wp\/v2\/types\/product"}],"wp:attachment":[{"href":"https:\/\/games.tactic.net\/da\/wp-json\/wp\/v2\/media?parent=1369728"}],"wp:term":[{"taxonomy":"product_brand","embeddable":true,"href":"https:\/\/games.tactic.net\/da\/wp-json\/wp\/v2\/product_brand?post=1369728"},{"taxonomy":"product_cat","embeddable":true,"href":"https:\/\/games.tactic.net\/da\/wp-json\/wp\/v2\/product_cat?post=1369728"},{"taxonomy":"product_tag","embeddable":true,"href":"https:\/\/games.tactic.net\/da\/wp-json\/wp\/v2\/product_tag?post=1369728"},{"taxonomy":"brand","embeddable":true,"href":"https:\/\/games.tactic.net\/da\/wp-json\/wp\/v2\/brand?post=1369728"},{"taxonomy":"target-group","embeddable":true,"href":"https:\/\/games.tactic.net\/da\/wp-json\/wp\/v2\/target-group?post=1369728"},{"taxonomy":"discontinued","embeddable":true,"href":"https:\/\/games.tactic.net\/da\/wp-json\/wp\/v2\/discontinued?post=1369728"}],"curies":[{"name":"wp","href":"https:\/\/api.w.org\/{rel}","templated":true}]}}