{"id":1369654,"date":"2026-02-20T15:08:58","date_gmt":"2026-02-20T13:08:58","guid":{"rendered":"https:\/\/games.tactic.net\/tuote\/plasto-scooter-soft-neutrals-peach\/"},"modified":"2026-02-20T15:08:58","modified_gmt":"2026-02-20T13:08:58","slug":"plasto-scooter-soft-neutrals-peach","status":"publish","type":"product","link":"https:\/\/games.tactic.net\/da\/tuote\/plasto-scooter-soft-neutrals-peach\/","title":{"rendered":"PLASTO Scooter Soft Neutrals Peach"},"content":{"rendered":"<p>Den originale Plasto scooter \u2013 nu i bl\u00f8de, neutrale pastelfarver!<br \/>\nOplev Plastos klassiske scooter, pr\u00e6senteret i rolige og moderne neutrale farver, der passer perfekt ind i b\u00e5de hjem og institutioner. De bl\u00f8de nuancer skaber et harmonisk udtryk, mens den velkendte Plasto-kvalitet sikrer robust leg i mange \u00e5r.<br \/>\nScooteren er udstyret med en s\u00e6rligt udviklet gummibel\u00e6gning p\u00e5 hjulene, som reducerer st\u00f8jen markant ved indend\u00f8rs brug \u2013 ideelt til b\u00e5de dagtilbud og hjem, hvor der \u00f8nskes mere ro uden at g\u00e5 p\u00e5 kompromis med bev\u00e6gelsesgl\u00e6den.<br \/>\nMed en siddeh\u00f8jde p\u00e5 22 cm er scooteren perfekt til sm\u00e5 eventyrere fra 1,5 \u00e5r og op, og den ergonomiske udformning giver god st\u00f8tte og tryghed for de mindste.<br \/>\nFremstillet i Finland i en kvalitet, der kan holde til hverdagens leg \u2013 igen og igen.<\/p>\n","protected":false},"excerpt":{"rendered":"<p>Den originale Plasto scooter \u2013 nu i bl\u00f8de, neutrale pastelfarver! Oplev Plastos klassiske scooter, pr\u00e6senteret i rolige og moderne neutrale farver, der passer perfekt ind i b\u00e5de hjem og institutioner. De bl\u00f8de nuancer skaber et harmonisk udtryk, mens den velkendte Plasto-kvalitet sikrer robust leg i mange \u00e5r. Scooteren er udstyret med en s\u00e6rligt udviklet gummibel\u00e6gning [&hellip;]<\/p>\n","protected":false},"featured_media":0,"template":"","meta":{"content-type":"","_monsterinsights_skip_tracking":false,"_monsterinsights_sitenote_active":false,"_monsterinsights_sitenote_note":"","_monsterinsights_sitenote_category":0},"product_brand":[],"product_cat":[2313],"product_tag":[],"brand":[],"target-group":[],"discontinued":[],"class_list":{"0":"post-1369654","1":"product","2":"type-product","3":"status-publish","5":"product_cat-plasto-legetoej","7":"first","8":"instock","9":"taxable","10":"shipping-taxable","11":"product-type-simple"},"aioseo_notices":[],"_links":{"self":[{"href":"https:\/\/games.tactic.net\/da\/wp-json\/wp\/v2\/product\/1369654","targetHints":{"allow":["GET"]}}],"collection":[{"href":"https:\/\/games.tactic.net\/da\/wp-json\/wp\/v2\/product"}],"about":[{"href":"https:\/\/games.tactic.net\/da\/wp-json\/wp\/v2\/types\/product"}],"wp:attachment":[{"href":"https:\/\/games.tactic.net\/da\/wp-json\/wp\/v2\/media?parent=1369654"}],"wp:term":[{"taxonomy":"product_brand","embeddable":true,"href":"https:\/\/games.tactic.net\/da\/wp-json\/wp\/v2\/product_brand?post=1369654"},{"taxonomy":"product_cat","embeddable":true,"href":"https:\/\/games.tactic.net\/da\/wp-json\/wp\/v2\/product_cat?post=1369654"},{"taxonomy":"product_tag","embeddable":true,"href":"https:\/\/games.tactic.net\/da\/wp-json\/wp\/v2\/product_tag?post=1369654"},{"taxonomy":"brand","embeddable":true,"href":"https:\/\/games.tactic.net\/da\/wp-json\/wp\/v2\/brand?post=1369654"},{"taxonomy":"target-group","embeddable":true,"href":"https:\/\/games.tactic.net\/da\/wp-json\/wp\/v2\/target-group?post=1369654"},{"taxonomy":"discontinued","embeddable":true,"href":"https:\/\/games.tactic.net\/da\/wp-json\/wp\/v2\/discontinued?post=1369654"}],"curies":[{"name":"wp","href":"https:\/\/api.w.org\/{rel}","templated":true}]}}