{"id":1369627,"date":"2026-02-19T10:06:58","date_gmt":"2026-02-19T08:06:58","guid":{"rendered":"https:\/\/games.tactic.net\/tuote\/bristlelock-bulding-block-set-41pcs\/"},"modified":"2026-02-19T10:06:58","modified_gmt":"2026-02-19T08:06:58","slug":"bristlelock-bulding-block-set-41pcs","status":"publish","type":"product","link":"https:\/\/games.tactic.net\/da\/tuote\/bristlelock-bulding-block-set-41pcs\/","title":{"rendered":"Bristlelock bulding block set 41pcs"},"content":{"rendered":"<p>PicassoTiles introducerer frustration-fri bygning med deres bl\u00f8de pindsvineformede 3D &#8220;Brushy Shape&#8221;-byggeklodser. Basis s\u00e6ttet med 41 dele fremmer vigtige f\u00e6rdigheder som h\u00e5nd-\u00f8je-koordination, farvegenkendelse og STEAM-l\u00e6ring, samtidig med at det giver uendelige bygge-muligheder. Med nem sammens\u00e6tning og en praktisk id\u00e9bog kan b\u00f8rn straks g\u00e5 i gang med at bygge fantasifulde designs.<\/p>\n<p>I \u00e6sken:<\/p>\n<p>41 &#8220;Brushy Shape&#8221;-byggeklodser<\/p>\n<p>4 hjul<\/p>\n<p>4 \u00f8jne<\/p>\n<p>1 id\u00e9bog<\/p>\n","protected":false},"excerpt":{"rendered":"<p>PicassoTiles introducerer frustration-fri bygning med deres bl\u00f8de pindsvineformede 3D &#8220;Brushy Shape&#8221;-byggeklodser.<\/p>\n","protected":false},"featured_media":0,"template":"","meta":{"content-type":"","_monsterinsights_skip_tracking":false,"_monsterinsights_sitenote_active":false,"_monsterinsights_sitenote_note":"","_monsterinsights_sitenote_category":0},"product_brand":[],"product_cat":[2293],"product_tag":[],"brand":[],"target-group":[],"discontinued":[],"class_list":{"0":"post-1369627","1":"product","2":"type-product","3":"status-publish","5":"product_cat-picassotiles-legetoej","7":"first","8":"instock","9":"taxable","10":"shipping-taxable","11":"product-type-simple"},"aioseo_notices":[],"_links":{"self":[{"href":"https:\/\/games.tactic.net\/da\/wp-json\/wp\/v2\/product\/1369627","targetHints":{"allow":["GET"]}}],"collection":[{"href":"https:\/\/games.tactic.net\/da\/wp-json\/wp\/v2\/product"}],"about":[{"href":"https:\/\/games.tactic.net\/da\/wp-json\/wp\/v2\/types\/product"}],"wp:attachment":[{"href":"https:\/\/games.tactic.net\/da\/wp-json\/wp\/v2\/media?parent=1369627"}],"wp:term":[{"taxonomy":"product_brand","embeddable":true,"href":"https:\/\/games.tactic.net\/da\/wp-json\/wp\/v2\/product_brand?post=1369627"},{"taxonomy":"product_cat","embeddable":true,"href":"https:\/\/games.tactic.net\/da\/wp-json\/wp\/v2\/product_cat?post=1369627"},{"taxonomy":"product_tag","embeddable":true,"href":"https:\/\/games.tactic.net\/da\/wp-json\/wp\/v2\/product_tag?post=1369627"},{"taxonomy":"brand","embeddable":true,"href":"https:\/\/games.tactic.net\/da\/wp-json\/wp\/v2\/brand?post=1369627"},{"taxonomy":"target-group","embeddable":true,"href":"https:\/\/games.tactic.net\/da\/wp-json\/wp\/v2\/target-group?post=1369627"},{"taxonomy":"discontinued","embeddable":true,"href":"https:\/\/games.tactic.net\/da\/wp-json\/wp\/v2\/discontinued?post=1369627"}],"curies":[{"name":"wp","href":"https:\/\/api.w.org\/{rel}","templated":true}]}}