{"id":1369626,"date":"2026-02-19T10:06:43","date_gmt":"2026-02-19T08:06:43","guid":{"rendered":"https:\/\/games.tactic.net\/tuote\/108pc-magnetic-3-in-1-marblerace-cartiles-set\/"},"modified":"2026-02-19T10:06:43","modified_gmt":"2026-02-19T08:06:43","slug":"108pc-magnetic-3-in-1-marblerace-cartiles-set","status":"publish","type":"product","link":"https:\/\/games.tactic.net\/da\/tuote\/108pc-magnetic-3-in-1-marblerace-cartiles-set\/","title":{"rendered":"108pc Magnetic 3-in-1 marble+race car+tiles set"},"content":{"rendered":"<p>PicassoTiles 3-i-1 Magnetiske Fliser, Kuglebaner og Racerspor Leget\u00f8jss\u00e6t kombinerer sp\u00e6ndingen ved magnetfliser, kuglebaner og racingspor i \u00e9t innovativt s\u00e6t. Med 108 livlige, farverige og gennemsigtige magnet- eller clip-in dele, der intuitivt kan forbindes for frustrationfri leg, kan drenge og piger skabe forskellige kugle- og bilracingstrukturer. Skab nye eventyr med hvert unikt design.<\/p>\n<p>Forskellige geometriske former: Indeholder s\u00f8jler, skr\u00e5ninger, rutsjebaner, tragte, U-drejninger og st\u00e5lv\u00e6gte kugler.<\/p>\n<p>LED-biler: Oplyste k\u00f8ret\u00f8jer tilf\u00f8jer et sp\u00e6ndende element til legen.<\/p>\n<p>3D kuglebane- og racerbaneanl\u00e6g: Kombinerer kuglebaner og racerbaneanl\u00e6g til flerlagsdesigns, der stimulerer b\u00f8rns fantasi og kreativitet.<\/p>\n<p>Alsidigt design: Kompatibelt med andre fuldst\u00f8rrelses PicassoTiles magnetflisebyggeklodser for at udvide de kreative muligheder.<\/p>\n","protected":false},"excerpt":{"rendered":"<p>PicassoTiles 3-i-1 Magnetiske Fliser, Kuglebaner og Racerspor Leget\u00f8jss\u00e6t kombinerer sp\u00e6ndingen ved magnetfliser, kuglebaner og racingspor i \u00e9t innovativt s\u00e6t.<\/p>\n","protected":false},"featured_media":0,"template":"","meta":{"content-type":"","_monsterinsights_skip_tracking":false,"_monsterinsights_sitenote_active":false,"_monsterinsights_sitenote_note":"","_monsterinsights_sitenote_category":0},"product_brand":[],"product_cat":[2293],"product_tag":[],"brand":[],"target-group":[],"discontinued":[],"class_list":{"0":"post-1369626","1":"product","2":"type-product","3":"status-publish","5":"product_cat-picassotiles-legetoej","7":"first","8":"outofstock","9":"taxable","10":"shipping-taxable","11":"product-type-simple"},"aioseo_notices":[],"_links":{"self":[{"href":"https:\/\/games.tactic.net\/da\/wp-json\/wp\/v2\/product\/1369626","targetHints":{"allow":["GET"]}}],"collection":[{"href":"https:\/\/games.tactic.net\/da\/wp-json\/wp\/v2\/product"}],"about":[{"href":"https:\/\/games.tactic.net\/da\/wp-json\/wp\/v2\/types\/product"}],"wp:attachment":[{"href":"https:\/\/games.tactic.net\/da\/wp-json\/wp\/v2\/media?parent=1369626"}],"wp:term":[{"taxonomy":"product_brand","embeddable":true,"href":"https:\/\/games.tactic.net\/da\/wp-json\/wp\/v2\/product_brand?post=1369626"},{"taxonomy":"product_cat","embeddable":true,"href":"https:\/\/games.tactic.net\/da\/wp-json\/wp\/v2\/product_cat?post=1369626"},{"taxonomy":"product_tag","embeddable":true,"href":"https:\/\/games.tactic.net\/da\/wp-json\/wp\/v2\/product_tag?post=1369626"},{"taxonomy":"brand","embeddable":true,"href":"https:\/\/games.tactic.net\/da\/wp-json\/wp\/v2\/brand?post=1369626"},{"taxonomy":"target-group","embeddable":true,"href":"https:\/\/games.tactic.net\/da\/wp-json\/wp\/v2\/target-group?post=1369626"},{"taxonomy":"discontinued","embeddable":true,"href":"https:\/\/games.tactic.net\/da\/wp-json\/wp\/v2\/discontinued?post=1369626"}],"curies":[{"name":"wp","href":"https:\/\/api.w.org\/{rel}","templated":true}]}}