{"id":1369608,"date":"2026-02-14T17:19:08","date_gmt":"2026-02-14T15:19:08","guid":{"rendered":"https:\/\/games.tactic.net\/tuote\/hot-wheels-creative-maker-kitz-custom-monster-truck-kit\/"},"modified":"2026-02-14T17:19:08","modified_gmt":"2026-02-14T15:19:08","slug":"hot-wheels-creative-maker-kitz-custom-monster-truck-kit","status":"publish","type":"product","link":"https:\/\/games.tactic.net\/da\/tuote\/hot-wheels-creative-maker-kitz-custom-monster-truck-kit\/","title":{"rendered":"Hot Wheels Creative Maker Kitz Custom Monster Truck Kit"},"content":{"rendered":"<p>Bladez Hot Wheels Creative Maker Kitz giver dig frihed til at designe! Byg en fantastisk monsterbil, s\u00e6t de k\u00e6mpestore 4&#215;4-d\u00e6k p\u00e5, og f\u00e6rdigg\u00f8r bilen med de medf\u00f8lgende tuscher og klisterm\u00e6rker! Med pull-back-funktionen p\u00e5 hjulene mangler der ikke fart og sjov i dette s\u00e6t.<\/p>\n","protected":false},"excerpt":{"rendered":"<p>Bladez Hot Wheels Creative Maker Kitz giver dig frihed til at designe! Byg en fantastisk monsterbil, s\u00e6t de k\u00e6mpestore 4&#215;4-d\u00e6k p\u00e5, og f\u00e6rdigg\u00f8r bilen med de medf\u00f8lgende tuscher og klisterm\u00e6rker! Med pull-back-funktionen p\u00e5 hjulene mangler der ikke fart og sjov i dette s\u00e6t.<\/p>\n","protected":false},"featured_media":0,"template":"","meta":{"content-type":"","_monsterinsights_skip_tracking":false,"_monsterinsights_sitenote_active":false,"_monsterinsights_sitenote_note":"","_monsterinsights_sitenote_category":0},"product_brand":[],"product_cat":[2356],"product_tag":[],"brand":[],"target-group":[],"discontinued":[],"class_list":{"0":"post-1369608","1":"product","2":"type-product","3":"status-publish","5":"product_cat-haandarbejde","7":"first","8":"instock","9":"taxable","10":"shipping-taxable","11":"product-type-simple"},"aioseo_notices":[],"_links":{"self":[{"href":"https:\/\/games.tactic.net\/da\/wp-json\/wp\/v2\/product\/1369608","targetHints":{"allow":["GET"]}}],"collection":[{"href":"https:\/\/games.tactic.net\/da\/wp-json\/wp\/v2\/product"}],"about":[{"href":"https:\/\/games.tactic.net\/da\/wp-json\/wp\/v2\/types\/product"}],"wp:attachment":[{"href":"https:\/\/games.tactic.net\/da\/wp-json\/wp\/v2\/media?parent=1369608"}],"wp:term":[{"taxonomy":"product_brand","embeddable":true,"href":"https:\/\/games.tactic.net\/da\/wp-json\/wp\/v2\/product_brand?post=1369608"},{"taxonomy":"product_cat","embeddable":true,"href":"https:\/\/games.tactic.net\/da\/wp-json\/wp\/v2\/product_cat?post=1369608"},{"taxonomy":"product_tag","embeddable":true,"href":"https:\/\/games.tactic.net\/da\/wp-json\/wp\/v2\/product_tag?post=1369608"},{"taxonomy":"brand","embeddable":true,"href":"https:\/\/games.tactic.net\/da\/wp-json\/wp\/v2\/brand?post=1369608"},{"taxonomy":"target-group","embeddable":true,"href":"https:\/\/games.tactic.net\/da\/wp-json\/wp\/v2\/target-group?post=1369608"},{"taxonomy":"discontinued","embeddable":true,"href":"https:\/\/games.tactic.net\/da\/wp-json\/wp\/v2\/discontinued?post=1369608"}],"curies":[{"name":"wp","href":"https:\/\/api.w.org\/{rel}","templated":true}]}}