{"id":1369554,"date":"2026-02-14T15:16:42","date_gmt":"2026-02-14T13:16:42","guid":{"rendered":"https:\/\/games.tactic.net\/tuote\/botanical-bliss\/"},"modified":"2026-02-14T15:16:42","modified_gmt":"2026-02-14T13:16:42","slug":"botanical-bliss","status":"publish","type":"product","link":"https:\/\/games.tactic.net\/da\/tuote\/botanical-bliss\/","title":{"rendered":"Botanical Bliss"},"content":{"rendered":"<p>Blomstr mere end de andre og vind! Placer dine brikker p\u00e5 spillebr\u00e6ttet for at skabe smukke m\u00f8nstre. Behersk br\u00e6ttet med elegance og dygtighed ved at udfylde felterne klogt. Du f\u00e5r brug for en smule strategi og et strejf af held. Vil du blomstre \u2013 eller visne?<\/p>\n","protected":false},"excerpt":{"rendered":"<p>Blomstr mere end de andre og vind! Placer dine brikker p\u00e5 spillebr\u00e6ttet for at skabe smukke m\u00f8nstre. Behersk br\u00e6ttet med elegance og dygtighed ved at udfylde felterne klogt. Du f\u00e5r brug for en smule strategi og et strejf af held. Vil du blomstre \u2013 eller visne?<\/p>\n","protected":false},"featured_media":0,"template":"","meta":{"content-type":"","_monsterinsights_skip_tracking":false,"_monsterinsights_sitenote_active":false,"_monsterinsights_sitenote_note":"","_monsterinsights_sitenote_category":0},"product_brand":[],"product_cat":[1620],"product_tag":[],"brand":[],"target-group":[],"discontinued":[],"class_list":{"0":"post-1369554","1":"product","2":"type-product","3":"status-publish","5":"product_cat-strategiske-spil-familiespil","7":"first","8":"instock","9":"taxable","10":"shipping-taxable","11":"product-type-simple"},"aioseo_notices":[],"_links":{"self":[{"href":"https:\/\/games.tactic.net\/da\/wp-json\/wp\/v2\/product\/1369554","targetHints":{"allow":["GET"]}}],"collection":[{"href":"https:\/\/games.tactic.net\/da\/wp-json\/wp\/v2\/product"}],"about":[{"href":"https:\/\/games.tactic.net\/da\/wp-json\/wp\/v2\/types\/product"}],"wp:attachment":[{"href":"https:\/\/games.tactic.net\/da\/wp-json\/wp\/v2\/media?parent=1369554"}],"wp:term":[{"taxonomy":"product_brand","embeddable":true,"href":"https:\/\/games.tactic.net\/da\/wp-json\/wp\/v2\/product_brand?post=1369554"},{"taxonomy":"product_cat","embeddable":true,"href":"https:\/\/games.tactic.net\/da\/wp-json\/wp\/v2\/product_cat?post=1369554"},{"taxonomy":"product_tag","embeddable":true,"href":"https:\/\/games.tactic.net\/da\/wp-json\/wp\/v2\/product_tag?post=1369554"},{"taxonomy":"brand","embeddable":true,"href":"https:\/\/games.tactic.net\/da\/wp-json\/wp\/v2\/brand?post=1369554"},{"taxonomy":"target-group","embeddable":true,"href":"https:\/\/games.tactic.net\/da\/wp-json\/wp\/v2\/target-group?post=1369554"},{"taxonomy":"discontinued","embeddable":true,"href":"https:\/\/games.tactic.net\/da\/wp-json\/wp\/v2\/discontinued?post=1369554"}],"curies":[{"name":"wp","href":"https:\/\/api.w.org\/{rel}","templated":true}]}}