{"id":1369482,"date":"2026-02-02T16:19:44","date_gmt":"2026-02-02T14:19:44","guid":{"rendered":"https:\/\/games.tactic.net\/tuote\/barbie-creative-maker-kitz-diy-super-camper\/"},"modified":"2026-02-02T16:19:44","modified_gmt":"2026-02-02T14:19:44","slug":"barbie-creative-maker-kitz-diy-super-camper","status":"publish","type":"product","link":"https:\/\/games.tactic.net\/da\/tuote\/barbie-creative-maker-kitz-diy-super-camper\/","title":{"rendered":"Barbie Creative Maker Kitz DIY Super Camper"},"content":{"rendered":"<p>Med Barbie Super Camper Kit er du designeren! Saml de klikbare dele og to pullback-motorer \u2013 brug de fem medf\u00f8lgende Barbie-tuscher til at skabe DIN unikke design og g\u00f8r det personligt med klisterm\u00e6rker!<\/p>\n","protected":false},"excerpt":{"rendered":"<p>Med Barbie Super Camper Kit er du designeren! Saml de klikbare dele og to pullback-motorer \u2013 brug de fem medf\u00f8lgende Barbie-tuscher til at skabe DIN unikke design og g\u00f8r det personligt med klisterm\u00e6rker!<\/p>\n","protected":false},"featured_media":0,"template":"","meta":{"content-type":"","_monsterinsights_skip_tracking":false,"_monsterinsights_sitenote_active":false,"_monsterinsights_sitenote_note":"","_monsterinsights_sitenote_category":0},"product_brand":[],"product_cat":[2356],"product_tag":[],"brand":[],"target-group":[],"discontinued":[],"class_list":{"0":"post-1369482","1":"product","2":"type-product","3":"status-publish","5":"product_cat-haandarbejde","7":"first","8":"instock","9":"taxable","10":"shipping-taxable","11":"product-type-simple"},"aioseo_notices":[],"_links":{"self":[{"href":"https:\/\/games.tactic.net\/da\/wp-json\/wp\/v2\/product\/1369482","targetHints":{"allow":["GET"]}}],"collection":[{"href":"https:\/\/games.tactic.net\/da\/wp-json\/wp\/v2\/product"}],"about":[{"href":"https:\/\/games.tactic.net\/da\/wp-json\/wp\/v2\/types\/product"}],"wp:attachment":[{"href":"https:\/\/games.tactic.net\/da\/wp-json\/wp\/v2\/media?parent=1369482"}],"wp:term":[{"taxonomy":"product_brand","embeddable":true,"href":"https:\/\/games.tactic.net\/da\/wp-json\/wp\/v2\/product_brand?post=1369482"},{"taxonomy":"product_cat","embeddable":true,"href":"https:\/\/games.tactic.net\/da\/wp-json\/wp\/v2\/product_cat?post=1369482"},{"taxonomy":"product_tag","embeddable":true,"href":"https:\/\/games.tactic.net\/da\/wp-json\/wp\/v2\/product_tag?post=1369482"},{"taxonomy":"brand","embeddable":true,"href":"https:\/\/games.tactic.net\/da\/wp-json\/wp\/v2\/brand?post=1369482"},{"taxonomy":"target-group","embeddable":true,"href":"https:\/\/games.tactic.net\/da\/wp-json\/wp\/v2\/target-group?post=1369482"},{"taxonomy":"discontinued","embeddable":true,"href":"https:\/\/games.tactic.net\/da\/wp-json\/wp\/v2\/discontinued?post=1369482"}],"curies":[{"name":"wp","href":"https:\/\/api.w.org\/{rel}","templated":true}]}}