{"id":1368973,"date":"2026-01-15T08:26:16","date_gmt":"2026-01-15T06:26:16","guid":{"rendered":"https:\/\/games.tactic.net\/tuote\/capitals-of-the-world-card-game-dk\/"},"modified":"2026-01-15T08:26:16","modified_gmt":"2026-01-15T06:26:16","slug":"capitals-of-the-world-card-game-dk","status":"publish","type":"product","link":"https:\/\/games.tactic.net\/da\/tuote\/capitals-of-the-world-card-game-dk\/","title":{"rendered":"Capitals of the World card game (DK)"},"content":{"rendered":"<p>Verdens Hovedst\u00e6der er det perfekte quizspil for alle, der elsker geografi og vil udfordre deres viden om verdens mest ber\u00f8mte byer. G\u00e6t hvilken hovedstad der er p\u00e5 billedet, samt hvilket land den ligger i, og besvar sp\u00e6ndende sp\u00f8rgsm\u00e5l om alt fra indbyggertal til fascinerende fakta.<br \/>\nAlle spillere er med i hver runde, s\u00e5 der er kamp om point fra start til slut. Med 50 billedkort og masser af sp\u00f8rgsm\u00e5l du sikret masser af variation og genspilningsv\u00e6rdi. Spillet er hurtigt at spille, og med sit kompakte design er det velegnet til familiehygge og spilaftener med venner, men ogs\u00e5 som rejsespil p\u00e5 farten \u2013 perfekt til bilen eller ferien.<\/p>\n","protected":false},"excerpt":{"rendered":"<p>Hvor godt kender du verdens hovedst\u00e6der? Test din viden med billeder og sp\u00f8rgsm\u00e5l om 50 ber\u00f8mte byer \u2013 hurtigt, sjovt og nemt at have med p\u00e5 farten!<\/p>\n","protected":false},"featured_media":0,"template":"","meta":{"content-type":"","_monsterinsights_skip_tracking":false,"_monsterinsights_sitenote_active":false,"_monsterinsights_sitenote_note":"","_monsterinsights_sitenote_category":0},"product_brand":[],"product_cat":[1589,2357],"product_tag":[],"brand":[],"target-group":[],"discontinued":[],"class_list":{"0":"post-1368973","1":"product","2":"type-product","3":"status-publish","5":"product_cat-quiz-spil-familiespil","6":"product_cat-rejsespil","8":"first","9":"instock","10":"taxable","11":"shipping-taxable","12":"product-type-simple"},"aioseo_notices":[],"_links":{"self":[{"href":"https:\/\/games.tactic.net\/da\/wp-json\/wp\/v2\/product\/1368973","targetHints":{"allow":["GET"]}}],"collection":[{"href":"https:\/\/games.tactic.net\/da\/wp-json\/wp\/v2\/product"}],"about":[{"href":"https:\/\/games.tactic.net\/da\/wp-json\/wp\/v2\/types\/product"}],"wp:attachment":[{"href":"https:\/\/games.tactic.net\/da\/wp-json\/wp\/v2\/media?parent=1368973"}],"wp:term":[{"taxonomy":"product_brand","embeddable":true,"href":"https:\/\/games.tactic.net\/da\/wp-json\/wp\/v2\/product_brand?post=1368973"},{"taxonomy":"product_cat","embeddable":true,"href":"https:\/\/games.tactic.net\/da\/wp-json\/wp\/v2\/product_cat?post=1368973"},{"taxonomy":"product_tag","embeddable":true,"href":"https:\/\/games.tactic.net\/da\/wp-json\/wp\/v2\/product_tag?post=1368973"},{"taxonomy":"brand","embeddable":true,"href":"https:\/\/games.tactic.net\/da\/wp-json\/wp\/v2\/brand?post=1368973"},{"taxonomy":"target-group","embeddable":true,"href":"https:\/\/games.tactic.net\/da\/wp-json\/wp\/v2\/target-group?post=1368973"},{"taxonomy":"discontinued","embeddable":true,"href":"https:\/\/games.tactic.net\/da\/wp-json\/wp\/v2\/discontinued?post=1368973"}],"curies":[{"name":"wp","href":"https:\/\/api.w.org\/{rel}","templated":true}]}}