{"id":1368959,"date":"2026-01-15T08:24:53","date_gmt":"2026-01-15T06:24:53","guid":{"rendered":"https:\/\/games.tactic.net\/tuote\/barbie-bumper-activity-set\/"},"modified":"2026-01-15T08:24:53","modified_gmt":"2026-01-15T06:24:53","slug":"barbie-bumper-activity-set","status":"publish","type":"product","link":"https:\/\/games.tactic.net\/da\/tuote\/barbie-bumper-activity-set\/","title":{"rendered":"Barbie Bumper Activity Set"},"content":{"rendered":"<p>Fantastisk farvel\u00e6gningsbar Camper-stil kasse med b\u00e6reh\u00e5ndtag indeholder 300 dele til at skabe fantastiske Barbie-projekter! Med tuscher, farveblyanter, washi-tape, seje bl\u00e6kstempler, klistersten, pomponer, klisterm\u00e6rker p\u00e5 rulle, en klisterbog og meget mere! Indeholder ogs\u00e5 mini papdukker med papiroutfits til at farvel\u00e6gge og dekorere. Du kan fremvise dem p\u00e5 den medf\u00f8lgende pap &#8216;modecatwalk&#8217;-baggrund! Hvad vil du skabe? 300 dele Barbie-tema aktivitets\u00e6t med papdukker og modecatwalk inkluderet! Kommer i en Barbie Camper-tema kasse, som du kan farvel\u00e6gge selv!<\/p>\n","protected":false},"excerpt":{"rendered":"<p>Fantastisk farvel\u00e6gningsbar Camper-stil kasse med b\u00e6reh\u00e5ndtag indeholder 300 dele til at skabe fantastiske Barbie-projekter! Med tuscher, farveblyanter, washi-tape, seje bl\u00e6kstempler, klistersten, pomponer, klisterm\u00e6rker p\u00e5 rulle, en klisterbog og meget mere! Indeholder ogs\u00e5 mini papdukker med papiroutfits til at farvel\u00e6gge og dekorere. Du kan fremvise dem p\u00e5 den medf\u00f8lgende pap &#8216;modecatwalk&#8217;-baggrund! Hvad vil du skabe? 300 [&hellip;]<\/p>\n","protected":false},"featured_media":0,"template":"","meta":{"content-type":"","_monsterinsights_skip_tracking":false,"_monsterinsights_sitenote_active":false,"_monsterinsights_sitenote_note":"","_monsterinsights_sitenote_category":0},"product_brand":[],"product_cat":[2356],"product_tag":[],"brand":[],"target-group":[],"discontinued":[],"class_list":{"0":"post-1368959","1":"product","2":"type-product","3":"status-publish","5":"product_cat-haandarbejde","7":"first","8":"instock","9":"taxable","10":"shipping-taxable","11":"product-type-simple"},"aioseo_notices":[],"_links":{"self":[{"href":"https:\/\/games.tactic.net\/da\/wp-json\/wp\/v2\/product\/1368959","targetHints":{"allow":["GET"]}}],"collection":[{"href":"https:\/\/games.tactic.net\/da\/wp-json\/wp\/v2\/product"}],"about":[{"href":"https:\/\/games.tactic.net\/da\/wp-json\/wp\/v2\/types\/product"}],"wp:attachment":[{"href":"https:\/\/games.tactic.net\/da\/wp-json\/wp\/v2\/media?parent=1368959"}],"wp:term":[{"taxonomy":"product_brand","embeddable":true,"href":"https:\/\/games.tactic.net\/da\/wp-json\/wp\/v2\/product_brand?post=1368959"},{"taxonomy":"product_cat","embeddable":true,"href":"https:\/\/games.tactic.net\/da\/wp-json\/wp\/v2\/product_cat?post=1368959"},{"taxonomy":"product_tag","embeddable":true,"href":"https:\/\/games.tactic.net\/da\/wp-json\/wp\/v2\/product_tag?post=1368959"},{"taxonomy":"brand","embeddable":true,"href":"https:\/\/games.tactic.net\/da\/wp-json\/wp\/v2\/brand?post=1368959"},{"taxonomy":"target-group","embeddable":true,"href":"https:\/\/games.tactic.net\/da\/wp-json\/wp\/v2\/target-group?post=1368959"},{"taxonomy":"discontinued","embeddable":true,"href":"https:\/\/games.tactic.net\/da\/wp-json\/wp\/v2\/discontinued?post=1368959"}],"curies":[{"name":"wp","href":"https:\/\/api.w.org\/{rel}","templated":true}]}}