{"id":1368947,"date":"2026-01-15T08:23:56","date_gmt":"2026-01-15T06:23:56","guid":{"rendered":"https:\/\/games.tactic.net\/tuote\/hot-wheels-maker-kitz-monster-marker-set\/"},"modified":"2026-01-15T08:23:56","modified_gmt":"2026-01-15T06:23:56","slug":"hot-wheels-maker-kitz-monster-marker-set","status":"publish","type":"product","link":"https:\/\/games.tactic.net\/da\/tuote\/hot-wheels-maker-kitz-monster-marker-set\/","title":{"rendered":"Hot Wheels Bone Shaker Monster Activity Set"},"content":{"rendered":"<p>Dette knogle-rystende hobby-s\u00e6t giver enhver Hot Wheels Monster Trucks-fan dr\u00f8mmeudstyret! Med tuscher i n\u00e6sten alle farver kan du bringe de papbiler fra Hot Wheels Monster Truck til live. S\u00e6ttet indeholder ogs\u00e5 en lille farvebog, en tegnebog, stempler og klisterm\u00e6rker. Alt dette leveres i en praktisk papkuffert!<\/p>\n","protected":false},"excerpt":{"rendered":"<p>Dette knogle-rystende hobby-s\u00e6t giver enhver Hot Wheels Monster Trucks-fan dr\u00f8mmeudstyret! Med tuscher i n\u00e6sten alle farver kan du bringe de papbiler fra Hot Wheels Monster Truck til live. S\u00e6ttet indeholder ogs\u00e5 en lille farvebog, en tegnebog, stempler og klisterm\u00e6rker. Alt dette leveres i en praktisk papkuffert!<\/p>\n","protected":false},"featured_media":0,"template":"","meta":{"content-type":"","_monsterinsights_skip_tracking":false,"_monsterinsights_sitenote_active":false,"_monsterinsights_sitenote_note":"","_monsterinsights_sitenote_category":0},"product_brand":[],"product_cat":[2356],"product_tag":[],"brand":[],"target-group":[],"discontinued":[],"class_list":{"0":"post-1368947","1":"product","2":"type-product","3":"status-publish","5":"product_cat-haandarbejde","7":"first","8":"instock","9":"taxable","10":"shipping-taxable","11":"product-type-simple"},"aioseo_notices":[],"_links":{"self":[{"href":"https:\/\/games.tactic.net\/da\/wp-json\/wp\/v2\/product\/1368947","targetHints":{"allow":["GET"]}}],"collection":[{"href":"https:\/\/games.tactic.net\/da\/wp-json\/wp\/v2\/product"}],"about":[{"href":"https:\/\/games.tactic.net\/da\/wp-json\/wp\/v2\/types\/product"}],"wp:attachment":[{"href":"https:\/\/games.tactic.net\/da\/wp-json\/wp\/v2\/media?parent=1368947"}],"wp:term":[{"taxonomy":"product_brand","embeddable":true,"href":"https:\/\/games.tactic.net\/da\/wp-json\/wp\/v2\/product_brand?post=1368947"},{"taxonomy":"product_cat","embeddable":true,"href":"https:\/\/games.tactic.net\/da\/wp-json\/wp\/v2\/product_cat?post=1368947"},{"taxonomy":"product_tag","embeddable":true,"href":"https:\/\/games.tactic.net\/da\/wp-json\/wp\/v2\/product_tag?post=1368947"},{"taxonomy":"brand","embeddable":true,"href":"https:\/\/games.tactic.net\/da\/wp-json\/wp\/v2\/brand?post=1368947"},{"taxonomy":"target-group","embeddable":true,"href":"https:\/\/games.tactic.net\/da\/wp-json\/wp\/v2\/target-group?post=1368947"},{"taxonomy":"discontinued","embeddable":true,"href":"https:\/\/games.tactic.net\/da\/wp-json\/wp\/v2\/discontinued?post=1368947"}],"curies":[{"name":"wp","href":"https:\/\/api.w.org\/{rel}","templated":true}]}}