{"id":1368943,"date":"2026-01-15T08:23:38","date_gmt":"2026-01-15T06:23:38","guid":{"rendered":"https:\/\/games.tactic.net\/tuote\/hot-wheels-monster-trucks-sticker-activity-set\/"},"modified":"2026-01-15T08:23:38","modified_gmt":"2026-01-15T06:23:38","slug":"hot-wheels-monster-trucks-sticker-activity-set","status":"publish","type":"product","link":"https:\/\/games.tactic.net\/da\/tuote\/hot-wheels-monster-trucks-sticker-activity-set\/","title":{"rendered":"Hot Wheels Monster Trucks Sticker Craft Activity Set"},"content":{"rendered":"<p>Hurtigt klisterm\u00e6rke-hobby-s\u00e6t i Hot Wheels Trucks-stil! Dette s\u00e6t bringer motorbrummen og d\u00e6klyde ind i kreativiteten. S\u00e6ttet indeholder en flot papbil fra Hot Wheels Trucks til at farvel\u00e6gge, farvel\u00e6gningsark, tre tuscher og klisterm\u00e6rker.<\/p>\n","protected":false},"excerpt":{"rendered":"<p>Hurtigt klisterm\u00e6rke-hobby-s\u00e6t i Hot Wheels Trucks-stil! Dette s\u00e6t bringer motorbrummen og d\u00e6klyde ind i kreativiteten. S\u00e6ttet indeholder en flot papbil fra Hot Wheels Trucks til at farvel\u00e6gge, farvel\u00e6gningsark, tre tuscher og klisterm\u00e6rker.<\/p>\n","protected":false},"featured_media":0,"template":"","meta":{"content-type":"","_monsterinsights_skip_tracking":false,"_monsterinsights_sitenote_active":false,"_monsterinsights_sitenote_note":"","_monsterinsights_sitenote_category":0},"product_brand":[],"product_cat":[2356],"product_tag":[],"brand":[],"target-group":[],"discontinued":[],"class_list":{"0":"post-1368943","1":"product","2":"type-product","3":"status-publish","5":"product_cat-haandarbejde","7":"first","8":"instock","9":"taxable","10":"shipping-taxable","11":"product-type-simple"},"aioseo_notices":[],"_links":{"self":[{"href":"https:\/\/games.tactic.net\/da\/wp-json\/wp\/v2\/product\/1368943","targetHints":{"allow":["GET"]}}],"collection":[{"href":"https:\/\/games.tactic.net\/da\/wp-json\/wp\/v2\/product"}],"about":[{"href":"https:\/\/games.tactic.net\/da\/wp-json\/wp\/v2\/types\/product"}],"wp:attachment":[{"href":"https:\/\/games.tactic.net\/da\/wp-json\/wp\/v2\/media?parent=1368943"}],"wp:term":[{"taxonomy":"product_brand","embeddable":true,"href":"https:\/\/games.tactic.net\/da\/wp-json\/wp\/v2\/product_brand?post=1368943"},{"taxonomy":"product_cat","embeddable":true,"href":"https:\/\/games.tactic.net\/da\/wp-json\/wp\/v2\/product_cat?post=1368943"},{"taxonomy":"product_tag","embeddable":true,"href":"https:\/\/games.tactic.net\/da\/wp-json\/wp\/v2\/product_tag?post=1368943"},{"taxonomy":"brand","embeddable":true,"href":"https:\/\/games.tactic.net\/da\/wp-json\/wp\/v2\/brand?post=1368943"},{"taxonomy":"target-group","embeddable":true,"href":"https:\/\/games.tactic.net\/da\/wp-json\/wp\/v2\/target-group?post=1368943"},{"taxonomy":"discontinued","embeddable":true,"href":"https:\/\/games.tactic.net\/da\/wp-json\/wp\/v2\/discontinued?post=1368943"}],"curies":[{"name":"wp","href":"https:\/\/api.w.org\/{rel}","templated":true}]}}