{"id":1368938,"date":"2026-01-13T16:19:49","date_gmt":"2026-01-13T14:19:49","guid":{"rendered":"https:\/\/games.tactic.net\/tuote\/flags-around-the-world-dk\/"},"modified":"2026-01-13T16:19:49","modified_gmt":"2026-01-13T14:19:49","slug":"flags-around-the-world-dk","status":"publish","type":"product","link":"https:\/\/games.tactic.net\/da\/tuote\/flags-around-the-world-dk\/","title":{"rendered":"Flags around the World (DK)"},"content":{"rendered":"<p>Jorden Rundt er det ultimative quizspil for alle, der elsker geografi og vil udfordre deres viden om verdens flag og lande. Spillet kombinerer sjov og l\u00e6ring, s\u00e5 b\u00e5de b\u00f8rn og voksne kan dyste om titlen som den ubestridte globetrotter.<br \/>\nOver tre sp\u00e6ndende runder g\u00e6lder det om at g\u00e6tte flag, besvare sp\u00f8rgsm\u00e5l om verdens lande og samle point. Du kan spille med eller uden svarmuligheder \u2013 perfekt til at tilpasse sv\u00e6rhedsgraden til de yngre spillere. G\u00e6t landene bag flagene, mark\u00e9r dem p\u00e5 verdenskortets kontinenter og svar p\u00e5 till\u00e6gssp\u00f8rgsm\u00e5l for at score ekstrapoint.<br \/>\nMed alle verdens 195 lande inkluderet og sp\u00e6ndende sp\u00f8rgsm\u00e5l til hvert eneste af dem er du sikret timevis af sjov med masser af variation og genspilningsv\u00e6rdi. Jorden Rundt er mere end bare et spil \u2013 det er en rejse gennem verdens mangfoldighed. Lad spillet begynde, og l\u00e6r mere om hele verden!<br \/>\nFor 2-6 spillere, fra 8 \u00e5r og op. Spilletid ca. 40 minutter.<\/p>\n","protected":false},"excerpt":{"rendered":"<p>Hvor godt kender du verdens lande? Jorden Rundt er et l\u00e6rerigt og underholdende quizspil med alle 195 lande, sp\u00e6ndende sp\u00f8rgsm\u00e5l og en rejse gennem verdens mangfoldighed \u2013 perfekt til familiehygge og timevis af sjov.<\/p>\n","protected":false},"featured_media":0,"template":"","meta":{"content-type":"","_monsterinsights_skip_tracking":false,"_monsterinsights_sitenote_active":false,"_monsterinsights_sitenote_note":"","_monsterinsights_sitenote_category":0},"product_brand":[],"product_cat":[1588,1589],"product_tag":[1256,1198],"brand":[],"target-group":[],"discontinued":[],"class_list":{"0":"post-1368938","1":"product","2":"type-product","3":"status-publish","5":"product_cat-quiz-spil-voksenspil","6":"product_cat-quiz-spil-familiespil","7":"product_tag-paedagogisk-da","8":"product_tag-viden","10":"first","11":"instock","12":"taxable","13":"shipping-taxable","14":"product-type-simple"},"aioseo_notices":[],"_links":{"self":[{"href":"https:\/\/games.tactic.net\/da\/wp-json\/wp\/v2\/product\/1368938","targetHints":{"allow":["GET"]}}],"collection":[{"href":"https:\/\/games.tactic.net\/da\/wp-json\/wp\/v2\/product"}],"about":[{"href":"https:\/\/games.tactic.net\/da\/wp-json\/wp\/v2\/types\/product"}],"wp:attachment":[{"href":"https:\/\/games.tactic.net\/da\/wp-json\/wp\/v2\/media?parent=1368938"}],"wp:term":[{"taxonomy":"product_brand","embeddable":true,"href":"https:\/\/games.tactic.net\/da\/wp-json\/wp\/v2\/product_brand?post=1368938"},{"taxonomy":"product_cat","embeddable":true,"href":"https:\/\/games.tactic.net\/da\/wp-json\/wp\/v2\/product_cat?post=1368938"},{"taxonomy":"product_tag","embeddable":true,"href":"https:\/\/games.tactic.net\/da\/wp-json\/wp\/v2\/product_tag?post=1368938"},{"taxonomy":"brand","embeddable":true,"href":"https:\/\/games.tactic.net\/da\/wp-json\/wp\/v2\/brand?post=1368938"},{"taxonomy":"target-group","embeddable":true,"href":"https:\/\/games.tactic.net\/da\/wp-json\/wp\/v2\/target-group?post=1368938"},{"taxonomy":"discontinued","embeddable":true,"href":"https:\/\/games.tactic.net\/da\/wp-json\/wp\/v2\/discontinued?post=1368938"}],"curies":[{"name":"wp","href":"https:\/\/api.w.org\/{rel}","templated":true}]}}