{"id":1368921,"date":"2026-01-07T11:07:05","date_gmt":"2026-01-07T09:07:05","guid":{"rendered":"https:\/\/games.tactic.net\/tuote\/lumo-moose-mari-pink-grey-classic\/"},"modified":"2026-01-07T11:07:05","modified_gmt":"2026-01-07T09:07:05","slug":"lumo-moose-mari-pink-grey-classic","status":"publish","type":"product","link":"https:\/\/games.tactic.net\/da\/tuote\/lumo-moose-mari-pink-grey-classic\/","title":{"rendered":"Lumo Moose Mari pink\/grey classic"},"content":{"rendered":"<p>Hej, jeg er Mari, den Lyser\u00f8de Elg \u2013 blid, dr\u00f8mmende og fuld af glimmer! Min bl\u00f8de lyser\u00f8de pels str\u00e5ler som skumringssne, og mit hjerte er altid \u00e5bent for nye venner. Jeg elsker at kigge p\u00e5 stjerner og forvandle sm\u00e5 \u00f8jeblikke til magi. Med mig omkring f\u00f8les hver dag som et eventyr!<\/p>\n","protected":false},"excerpt":{"rendered":"<p>Hej, jeg er Mari, den Lyser\u00f8de Elg \u2013 blid, dr\u00f8mmende og fuld af glimmer!<\/p>\n","protected":false},"featured_media":0,"template":"","meta":{"content-type":"","_monsterinsights_skip_tracking":false,"_monsterinsights_sitenote_active":false,"_monsterinsights_sitenote_note":"","_monsterinsights_sitenote_category":0},"product_brand":[],"product_cat":[1640],"product_tag":[],"brand":[],"target-group":[],"discontinued":[],"class_list":{"0":"post-1368921","1":"product","2":"type-product","3":"status-publish","5":"product_cat-classic-bamser-lumo-stars-6","7":"first","8":"instock","9":"taxable","10":"shipping-taxable","11":"product-type-simple"},"aioseo_notices":[],"_links":{"self":[{"href":"https:\/\/games.tactic.net\/da\/wp-json\/wp\/v2\/product\/1368921","targetHints":{"allow":["GET"]}}],"collection":[{"href":"https:\/\/games.tactic.net\/da\/wp-json\/wp\/v2\/product"}],"about":[{"href":"https:\/\/games.tactic.net\/da\/wp-json\/wp\/v2\/types\/product"}],"wp:attachment":[{"href":"https:\/\/games.tactic.net\/da\/wp-json\/wp\/v2\/media?parent=1368921"}],"wp:term":[{"taxonomy":"product_brand","embeddable":true,"href":"https:\/\/games.tactic.net\/da\/wp-json\/wp\/v2\/product_brand?post=1368921"},{"taxonomy":"product_cat","embeddable":true,"href":"https:\/\/games.tactic.net\/da\/wp-json\/wp\/v2\/product_cat?post=1368921"},{"taxonomy":"product_tag","embeddable":true,"href":"https:\/\/games.tactic.net\/da\/wp-json\/wp\/v2\/product_tag?post=1368921"},{"taxonomy":"brand","embeddable":true,"href":"https:\/\/games.tactic.net\/da\/wp-json\/wp\/v2\/brand?post=1368921"},{"taxonomy":"target-group","embeddable":true,"href":"https:\/\/games.tactic.net\/da\/wp-json\/wp\/v2\/target-group?post=1368921"},{"taxonomy":"discontinued","embeddable":true,"href":"https:\/\/games.tactic.net\/da\/wp-json\/wp\/v2\/discontinued?post=1368921"}],"curies":[{"name":"wp","href":"https:\/\/api.w.org\/{rel}","templated":true}]}}