{"id":1368919,"date":"2026-01-07T11:06:46","date_gmt":"2026-01-07T09:06:46","guid":{"rendered":"https:\/\/games.tactic.net\/tuote\/lumo-moose-kari-brown-classic\/"},"modified":"2026-01-07T11:06:46","modified_gmt":"2026-01-07T09:06:46","slug":"lumo-moose-kari-brown-classic","status":"publish","type":"product","link":"https:\/\/games.tactic.net\/da\/tuote\/lumo-moose-kari-brown-classic\/","title":{"rendered":"Lumo Moose Kari brown classic"},"content":{"rendered":"<p>Hej, jeg er Kari, Elgen \u2013 fredelig, stolt og en \u00e6gte skovvogter. Mine store gevirer ser m\u00e5ske imponerende ud, men det er mit blide hjerte, der g\u00f8r mig speciel. Jeg elsker rolige g\u00e5ture under tr\u00e6erne og at dele stille \u00f8jeblikke med mine venner. Naturen er mit hjem, og venlighed er min vej.<\/p>\n","protected":false},"excerpt":{"rendered":"<p>Hej, jeg er Kari, Elgen \u2013 fredelig, stolt og en \u00e6gte skovvogter.<\/p>\n","protected":false},"featured_media":0,"template":"","meta":{"content-type":"","_monsterinsights_skip_tracking":false,"_monsterinsights_sitenote_active":false,"_monsterinsights_sitenote_note":"","_monsterinsights_sitenote_category":0},"product_brand":[],"product_cat":[1640],"product_tag":[],"brand":[],"target-group":[],"discontinued":[],"class_list":{"0":"post-1368919","1":"product","2":"type-product","3":"status-publish","5":"product_cat-classic-bamser-lumo-stars-6","7":"first","8":"instock","9":"taxable","10":"shipping-taxable","11":"product-type-simple"},"aioseo_notices":[],"_links":{"self":[{"href":"https:\/\/games.tactic.net\/da\/wp-json\/wp\/v2\/product\/1368919","targetHints":{"allow":["GET"]}}],"collection":[{"href":"https:\/\/games.tactic.net\/da\/wp-json\/wp\/v2\/product"}],"about":[{"href":"https:\/\/games.tactic.net\/da\/wp-json\/wp\/v2\/types\/product"}],"wp:attachment":[{"href":"https:\/\/games.tactic.net\/da\/wp-json\/wp\/v2\/media?parent=1368919"}],"wp:term":[{"taxonomy":"product_brand","embeddable":true,"href":"https:\/\/games.tactic.net\/da\/wp-json\/wp\/v2\/product_brand?post=1368919"},{"taxonomy":"product_cat","embeddable":true,"href":"https:\/\/games.tactic.net\/da\/wp-json\/wp\/v2\/product_cat?post=1368919"},{"taxonomy":"product_tag","embeddable":true,"href":"https:\/\/games.tactic.net\/da\/wp-json\/wp\/v2\/product_tag?post=1368919"},{"taxonomy":"brand","embeddable":true,"href":"https:\/\/games.tactic.net\/da\/wp-json\/wp\/v2\/brand?post=1368919"},{"taxonomy":"target-group","embeddable":true,"href":"https:\/\/games.tactic.net\/da\/wp-json\/wp\/v2\/target-group?post=1368919"},{"taxonomy":"discontinued","embeddable":true,"href":"https:\/\/games.tactic.net\/da\/wp-json\/wp\/v2\/discontinued?post=1368919"}],"curies":[{"name":"wp","href":"https:\/\/api.w.org\/{rel}","templated":true}]}}