{"id":1368917,"date":"2026-01-07T11:06:25","date_gmt":"2026-01-07T09:06:25","guid":{"rendered":"https:\/\/games.tactic.net\/tuote\/lumo-moose-mari-pink-grey-mini\/"},"modified":"2026-01-07T11:06:25","modified_gmt":"2026-01-07T09:06:25","slug":"lumo-moose-mari-pink-grey-mini","status":"publish","type":"product","link":"https:\/\/games.tactic.net\/da\/tuote\/lumo-moose-mari-pink-grey-mini\/","title":{"rendered":"Lumo Moose Mari pink\/grey mini"},"content":{"rendered":"<p>Hej, jeg er Mari, den Lyser\u00f8de Elg \u2013 blid, dr\u00f8mmende og fuld af glimmer! Min bl\u00f8de lyser\u00f8de pels str\u00e5ler som skumringssne, og mit hjerte er altid \u00e5bent for nye venner. Jeg elsker at kigge p\u00e5 stjerner og forvandle sm\u00e5 \u00f8jeblikke til magi. Med mig omkring f\u00f8les hver dag som et eventyr!<\/p>\n<p>Denne 8,5 cm h\u00f8je maskot er nem at s\u00e6tte fast, for eksempel p\u00e5 en rygs\u00e6k.<\/p>\n","protected":false},"excerpt":{"rendered":"<p>Hej, jeg er Mari, den Lyser\u00f8de Elg \u2013 blid, dr\u00f8mmende og fuld af glimmer!<\/p>\n","protected":false},"featured_media":0,"template":"","meta":{"content-type":"","_monsterinsights_skip_tracking":false,"_monsterinsights_sitenote_active":false,"_monsterinsights_sitenote_note":"","_monsterinsights_sitenote_category":0},"product_brand":[],"product_cat":[1642],"product_tag":[],"brand":[],"target-group":[],"discontinued":[],"class_list":{"0":"post-1368917","1":"product","2":"type-product","3":"status-publish","5":"product_cat-mini-bamser-lumo-stars-6","7":"first","8":"instock","9":"taxable","10":"shipping-taxable","11":"product-type-simple"},"aioseo_notices":[],"_links":{"self":[{"href":"https:\/\/games.tactic.net\/da\/wp-json\/wp\/v2\/product\/1368917","targetHints":{"allow":["GET"]}}],"collection":[{"href":"https:\/\/games.tactic.net\/da\/wp-json\/wp\/v2\/product"}],"about":[{"href":"https:\/\/games.tactic.net\/da\/wp-json\/wp\/v2\/types\/product"}],"wp:attachment":[{"href":"https:\/\/games.tactic.net\/da\/wp-json\/wp\/v2\/media?parent=1368917"}],"wp:term":[{"taxonomy":"product_brand","embeddable":true,"href":"https:\/\/games.tactic.net\/da\/wp-json\/wp\/v2\/product_brand?post=1368917"},{"taxonomy":"product_cat","embeddable":true,"href":"https:\/\/games.tactic.net\/da\/wp-json\/wp\/v2\/product_cat?post=1368917"},{"taxonomy":"product_tag","embeddable":true,"href":"https:\/\/games.tactic.net\/da\/wp-json\/wp\/v2\/product_tag?post=1368917"},{"taxonomy":"brand","embeddable":true,"href":"https:\/\/games.tactic.net\/da\/wp-json\/wp\/v2\/brand?post=1368917"},{"taxonomy":"target-group","embeddable":true,"href":"https:\/\/games.tactic.net\/da\/wp-json\/wp\/v2\/target-group?post=1368917"},{"taxonomy":"discontinued","embeddable":true,"href":"https:\/\/games.tactic.net\/da\/wp-json\/wp\/v2\/discontinued?post=1368917"}],"curies":[{"name":"wp","href":"https:\/\/api.w.org\/{rel}","templated":true}]}}