{"id":1368915,"date":"2026-01-07T11:06:03","date_gmt":"2026-01-07T09:06:03","guid":{"rendered":"https:\/\/games.tactic.net\/tuote\/lumo-moose-kari-brown-mini\/"},"modified":"2026-01-07T11:06:03","modified_gmt":"2026-01-07T09:06:03","slug":"lumo-moose-kari-brown-mini","status":"publish","type":"product","link":"https:\/\/games.tactic.net\/da\/tuote\/lumo-moose-kari-brown-mini\/","title":{"rendered":"Lumo Moose Kari brown mini"},"content":{"rendered":"<p>Jeg er Kari, Elgen \u2013 fredelig, stolt og en \u00e6gte skovvogter. Mine store gevirer ser m\u00e5ske imponerende ud, men det er mit blide hjerte, der g\u00f8r mig speciel. Jeg elsker rolige g\u00e5ture under tr\u00e6erne og at dele stille \u00f8jeblikke med mine venner. Naturen er mit hjem, og venlighed er min vej.<\/p>\n<p>Denne 8,5 cm h\u00f8je maskot er nem at s\u00e6tte fast, for eksempel p\u00e5 en rygs\u00e6k.<\/p>\n","protected":false},"excerpt":{"rendered":"<p>Jeg er Kari, Elgen \u2013 fredelig, stolt og en \u00e6gte skovvogter.<\/p>\n","protected":false},"featured_media":0,"template":"","meta":{"content-type":"","_monsterinsights_skip_tracking":false,"_monsterinsights_sitenote_active":false,"_monsterinsights_sitenote_note":"","_monsterinsights_sitenote_category":0},"product_brand":[],"product_cat":[1642],"product_tag":[],"brand":[],"target-group":[],"discontinued":[],"class_list":{"0":"post-1368915","1":"product","2":"type-product","3":"status-publish","5":"product_cat-mini-bamser-lumo-stars-6","7":"first","8":"instock","9":"taxable","10":"shipping-taxable","11":"product-type-simple"},"aioseo_notices":[],"_links":{"self":[{"href":"https:\/\/games.tactic.net\/da\/wp-json\/wp\/v2\/product\/1368915","targetHints":{"allow":["GET"]}}],"collection":[{"href":"https:\/\/games.tactic.net\/da\/wp-json\/wp\/v2\/product"}],"about":[{"href":"https:\/\/games.tactic.net\/da\/wp-json\/wp\/v2\/types\/product"}],"wp:attachment":[{"href":"https:\/\/games.tactic.net\/da\/wp-json\/wp\/v2\/media?parent=1368915"}],"wp:term":[{"taxonomy":"product_brand","embeddable":true,"href":"https:\/\/games.tactic.net\/da\/wp-json\/wp\/v2\/product_brand?post=1368915"},{"taxonomy":"product_cat","embeddable":true,"href":"https:\/\/games.tactic.net\/da\/wp-json\/wp\/v2\/product_cat?post=1368915"},{"taxonomy":"product_tag","embeddable":true,"href":"https:\/\/games.tactic.net\/da\/wp-json\/wp\/v2\/product_tag?post=1368915"},{"taxonomy":"brand","embeddable":true,"href":"https:\/\/games.tactic.net\/da\/wp-json\/wp\/v2\/brand?post=1368915"},{"taxonomy":"target-group","embeddable":true,"href":"https:\/\/games.tactic.net\/da\/wp-json\/wp\/v2\/target-group?post=1368915"},{"taxonomy":"discontinued","embeddable":true,"href":"https:\/\/games.tactic.net\/da\/wp-json\/wp\/v2\/discontinued?post=1368915"}],"curies":[{"name":"wp","href":"https:\/\/api.w.org\/{rel}","templated":true}]}}