{"id":1368789,"date":"2025-12-09T16:20:40","date_gmt":"2025-12-09T14:20:40","guid":{"rendered":"https:\/\/games.tactic.net\/tuote\/laer-om-raekkefoelge-raes-iq-bingo\/"},"modified":"2025-12-09T16:20:40","modified_gmt":"2025-12-09T14:20:40","slug":"laer-om-raekkefoelge-raes-iq-bingo","status":"publish","type":"product","link":"https:\/\/games.tactic.net\/da\/tuote\/laer-om-raekkefoelge-raes-iq-bingo\/","title":{"rendered":"L\u00e6r om R\u00e6kkef\u00f8lge-R\u00e6s &#8211; IQ Bingo"},"content":{"rendered":"<p>Kan du g\u00e6tte den rigtige r\u00e6kkef\u00f8lge? L\u00f8s sjove opgaver, afsl\u00f8r dit svar med en \u201csten\u2013saks\u2013papir\u201d-gestus, og mark\u00e9r dine point p\u00e5 bingopladen! Let at l\u00e6re og virkelig sjovt at spille! Indeholder 100 unikke opgaver, der udfordrer din hjerne. Kombin\u00e9r to IQ Bingo-spil for at skabe en superversion til 4 spillere!<\/p>\n","protected":false},"excerpt":{"rendered":"<p>Kan du g\u00e6tte den rigtige r\u00e6kkef\u00f8lge? L\u00f8s sjove opgaver, afsl\u00f8r dit svar med en \u201csten\u2013saks\u2013papir\u201d-gestus, og mark\u00e9r dine point p\u00e5 bingopladen! Let at l\u00e6re og virkelig sjovt at spille! Indeholder 100 unikke opgaver, der udfordrer din hjerne. Kombin\u00e9r to IQ Bingo-spil for at skabe en superversion til 4 spillere!<\/p>\n","protected":false},"featured_media":0,"template":"","meta":{"content-type":"","_monsterinsights_skip_tracking":false,"_monsterinsights_sitenote_active":false,"_monsterinsights_sitenote_note":"","_monsterinsights_sitenote_category":0},"product_brand":[],"product_cat":[1574,1590],"product_tag":[],"brand":[],"target-group":[],"discontinued":[],"class_list":{"0":"post-1368789","1":"product","2":"type-product","3":"status-publish","5":"product_cat-boerne-braetspil","6":"product_cat-laeringsspil","8":"first","9":"instock","10":"taxable","11":"shipping-taxable","12":"product-type-simple"},"aioseo_notices":[],"_links":{"self":[{"href":"https:\/\/games.tactic.net\/da\/wp-json\/wp\/v2\/product\/1368789","targetHints":{"allow":["GET"]}}],"collection":[{"href":"https:\/\/games.tactic.net\/da\/wp-json\/wp\/v2\/product"}],"about":[{"href":"https:\/\/games.tactic.net\/da\/wp-json\/wp\/v2\/types\/product"}],"wp:attachment":[{"href":"https:\/\/games.tactic.net\/da\/wp-json\/wp\/v2\/media?parent=1368789"}],"wp:term":[{"taxonomy":"product_brand","embeddable":true,"href":"https:\/\/games.tactic.net\/da\/wp-json\/wp\/v2\/product_brand?post=1368789"},{"taxonomy":"product_cat","embeddable":true,"href":"https:\/\/games.tactic.net\/da\/wp-json\/wp\/v2\/product_cat?post=1368789"},{"taxonomy":"product_tag","embeddable":true,"href":"https:\/\/games.tactic.net\/da\/wp-json\/wp\/v2\/product_tag?post=1368789"},{"taxonomy":"brand","embeddable":true,"href":"https:\/\/games.tactic.net\/da\/wp-json\/wp\/v2\/brand?post=1368789"},{"taxonomy":"target-group","embeddable":true,"href":"https:\/\/games.tactic.net\/da\/wp-json\/wp\/v2\/target-group?post=1368789"},{"taxonomy":"discontinued","embeddable":true,"href":"https:\/\/games.tactic.net\/da\/wp-json\/wp\/v2\/discontinued?post=1368789"}],"curies":[{"name":"wp","href":"https:\/\/api.w.org\/{rel}","templated":true}]}}