{"id":1368590,"date":"2025-11-11T16:28:02","date_gmt":"2025-11-11T14:28:02","guid":{"rendered":"https:\/\/games.tactic.net\/tuote\/heros-blocks-coloured-wooden-blocks-50pcs\/"},"modified":"2026-02-27T13:10:15","modified_gmt":"2026-02-27T11:10:15","slug":"heros-blocks-coloured-wooden-blocks-50pcs","status":"publish","type":"product","link":"https:\/\/games.tactic.net\/da\/tuote\/heros-blocks-coloured-wooden-blocks-50pcs\/","title":{"rendered":"Heros Byggeklodser \u2013 Farvede tr\u00e6klodser, 50 stk"},"content":{"rendered":"<p>Livlige tr\u00e6klodser giver uendelig sjov for b\u00f8rn fra 1 \u00e5r og opefter. Fremstillet af 100% FSC-certificeret tr\u00e6 for b\u00e6redygtig leg. Fremstillet i Tyskland. Leveres i en eksklusiv opbevaringsboks.<\/p>\n","protected":false},"excerpt":{"rendered":"<p>Livlige tr\u00e6klodser giver uendelig sjov for b\u00f8rn fra 1 \u00e5r og opefter.<\/p>\n","protected":false},"featured_media":0,"template":"","meta":{"content-type":"","_monsterinsights_skip_tracking":false,"_monsterinsights_sitenote_active":false,"_monsterinsights_sitenote_note":"","_monsterinsights_sitenote_category":0},"product_brand":[],"product_cat":[2345],"product_tag":[],"brand":[],"target-group":[],"discontinued":[],"class_list":{"0":"post-1368590","1":"product","2":"type-product","3":"status-publish","5":"product_cat-heros-wooden-toys","7":"first","8":"instock","9":"taxable","10":"shipping-taxable","11":"product-type-simple"},"aioseo_notices":[],"_links":{"self":[{"href":"https:\/\/games.tactic.net\/da\/wp-json\/wp\/v2\/product\/1368590","targetHints":{"allow":["GET"]}}],"collection":[{"href":"https:\/\/games.tactic.net\/da\/wp-json\/wp\/v2\/product"}],"about":[{"href":"https:\/\/games.tactic.net\/da\/wp-json\/wp\/v2\/types\/product"}],"wp:attachment":[{"href":"https:\/\/games.tactic.net\/da\/wp-json\/wp\/v2\/media?parent=1368590"}],"wp:term":[{"taxonomy":"product_brand","embeddable":true,"href":"https:\/\/games.tactic.net\/da\/wp-json\/wp\/v2\/product_brand?post=1368590"},{"taxonomy":"product_cat","embeddable":true,"href":"https:\/\/games.tactic.net\/da\/wp-json\/wp\/v2\/product_cat?post=1368590"},{"taxonomy":"product_tag","embeddable":true,"href":"https:\/\/games.tactic.net\/da\/wp-json\/wp\/v2\/product_tag?post=1368590"},{"taxonomy":"brand","embeddable":true,"href":"https:\/\/games.tactic.net\/da\/wp-json\/wp\/v2\/brand?post=1368590"},{"taxonomy":"target-group","embeddable":true,"href":"https:\/\/games.tactic.net\/da\/wp-json\/wp\/v2\/target-group?post=1368590"},{"taxonomy":"discontinued","embeddable":true,"href":"https:\/\/games.tactic.net\/da\/wp-json\/wp\/v2\/discontinued?post=1368590"}],"curies":[{"name":"wp","href":"https:\/\/api.w.org\/{rel}","templated":true}]}}