{"id":1368495,"date":"2025-11-03T10:11:03","date_gmt":"2025-11-03T08:11:03","guid":{"rendered":"https:\/\/games.tactic.net\/tuote\/heros-play-and-learn-race-track\/"},"modified":"2025-11-03T10:11:03","modified_gmt":"2025-11-03T08:11:03","slug":"heros-play-and-learn-race-track","status":"publish","type":"product","link":"https:\/\/games.tactic.net\/da\/tuote\/heros-play-and-learn-race-track\/","title":{"rendered":"Heros Play &#038; Learn \u2013 Bilbane i tr\u00e6 (bilt\u00e5rn) med 4 biler"},"content":{"rendered":"<p>Sp\u00e6ndende racerl\u00f8bssjov for b\u00f8rn! Bilerne suser ned ad en zigzag-bane for uendelig sp\u00e6nding. FSC\u00ae 100% certificeret \u2013 et b\u00e6redygtigt og ansvarligt valg! Velegnet til b\u00f8rn fra 1 \u00e5r. Fremstillet i Tyskland.<\/p>\n","protected":false},"excerpt":{"rendered":"<p>Sp\u00e6ndende racerl\u00f8bssjov for b\u00f8rn! Bilerne suser ned ad en zigzag-bane for uendelig sp\u00e6nding.<\/p>\n","protected":false},"featured_media":0,"template":"","meta":{"content-type":"","_monsterinsights_skip_tracking":false,"_monsterinsights_sitenote_active":false,"_monsterinsights_sitenote_note":"","_monsterinsights_sitenote_category":0},"product_brand":[],"product_cat":[2345],"product_tag":[],"brand":[],"target-group":[],"discontinued":[],"class_list":{"0":"post-1368495","1":"product","2":"type-product","3":"status-publish","5":"product_cat-heros-wooden-toys","7":"first","8":"instock","9":"taxable","10":"shipping-taxable","11":"product-type-simple"},"aioseo_notices":[],"_links":{"self":[{"href":"https:\/\/games.tactic.net\/da\/wp-json\/wp\/v2\/product\/1368495","targetHints":{"allow":["GET"]}}],"collection":[{"href":"https:\/\/games.tactic.net\/da\/wp-json\/wp\/v2\/product"}],"about":[{"href":"https:\/\/games.tactic.net\/da\/wp-json\/wp\/v2\/types\/product"}],"wp:attachment":[{"href":"https:\/\/games.tactic.net\/da\/wp-json\/wp\/v2\/media?parent=1368495"}],"wp:term":[{"taxonomy":"product_brand","embeddable":true,"href":"https:\/\/games.tactic.net\/da\/wp-json\/wp\/v2\/product_brand?post=1368495"},{"taxonomy":"product_cat","embeddable":true,"href":"https:\/\/games.tactic.net\/da\/wp-json\/wp\/v2\/product_cat?post=1368495"},{"taxonomy":"product_tag","embeddable":true,"href":"https:\/\/games.tactic.net\/da\/wp-json\/wp\/v2\/product_tag?post=1368495"},{"taxonomy":"brand","embeddable":true,"href":"https:\/\/games.tactic.net\/da\/wp-json\/wp\/v2\/brand?post=1368495"},{"taxonomy":"target-group","embeddable":true,"href":"https:\/\/games.tactic.net\/da\/wp-json\/wp\/v2\/target-group?post=1368495"},{"taxonomy":"discontinued","embeddable":true,"href":"https:\/\/games.tactic.net\/da\/wp-json\/wp\/v2\/discontinued?post=1368495"}],"curies":[{"name":"wp","href":"https:\/\/api.w.org\/{rel}","templated":true}]}}