{"id":1368490,"date":"2025-11-03T10:10:29","date_gmt":"2025-11-03T08:10:29","guid":{"rendered":"https:\/\/games.tactic.net\/tuote\/heros-play-and-learn-stacking-puzzle-figures\/"},"modified":"2026-02-27T13:13:49","modified_gmt":"2026-02-27T11:13:49","slug":"heros-play-and-learn-stacking-puzzle-figures","status":"publish","type":"product","link":"https:\/\/games.tactic.net\/da\/tuote\/heros-play-and-learn-stacking-puzzle-figures\/","title":{"rendered":"Heros Play &#038; Learn \u2013 Stablefigurer i tr\u00e6"},"content":{"rendered":"<p>Sjove, farverige stableklodser til at skabe fantasifulde figurer. Udvikler finmotorik og h\u00e5nd-\u00f8je-koordination. FSC\u00ae 100% certificeret \u2013 et b\u00e6redygtigt og ansvarligt valg! Fremstillet i Tyskland.<\/p>\n","protected":false},"excerpt":{"rendered":"<p>Sjove, farverige stableklodser til at skabe fantasifulde figurer.<\/p>\n","protected":false},"featured_media":0,"template":"","meta":{"content-type":"","_monsterinsights_skip_tracking":false,"_monsterinsights_sitenote_active":false,"_monsterinsights_sitenote_note":"","_monsterinsights_sitenote_category":0},"product_brand":[],"product_cat":[2345],"product_tag":[],"brand":[],"target-group":[],"discontinued":[],"class_list":{"0":"post-1368490","1":"product","2":"type-product","3":"status-publish","5":"product_cat-heros-wooden-toys","7":"first","8":"instock","9":"taxable","10":"shipping-taxable","11":"product-type-simple"},"aioseo_notices":[],"_links":{"self":[{"href":"https:\/\/games.tactic.net\/da\/wp-json\/wp\/v2\/product\/1368490","targetHints":{"allow":["GET"]}}],"collection":[{"href":"https:\/\/games.tactic.net\/da\/wp-json\/wp\/v2\/product"}],"about":[{"href":"https:\/\/games.tactic.net\/da\/wp-json\/wp\/v2\/types\/product"}],"wp:attachment":[{"href":"https:\/\/games.tactic.net\/da\/wp-json\/wp\/v2\/media?parent=1368490"}],"wp:term":[{"taxonomy":"product_brand","embeddable":true,"href":"https:\/\/games.tactic.net\/da\/wp-json\/wp\/v2\/product_brand?post=1368490"},{"taxonomy":"product_cat","embeddable":true,"href":"https:\/\/games.tactic.net\/da\/wp-json\/wp\/v2\/product_cat?post=1368490"},{"taxonomy":"product_tag","embeddable":true,"href":"https:\/\/games.tactic.net\/da\/wp-json\/wp\/v2\/product_tag?post=1368490"},{"taxonomy":"brand","embeddable":true,"href":"https:\/\/games.tactic.net\/da\/wp-json\/wp\/v2\/brand?post=1368490"},{"taxonomy":"target-group","embeddable":true,"href":"https:\/\/games.tactic.net\/da\/wp-json\/wp\/v2\/target-group?post=1368490"},{"taxonomy":"discontinued","embeddable":true,"href":"https:\/\/games.tactic.net\/da\/wp-json\/wp\/v2\/discontinued?post=1368490"}],"curies":[{"name":"wp","href":"https:\/\/api.w.org\/{rel}","templated":true}]}}