{"id":1368485,"date":"2025-11-03T10:09:54","date_gmt":"2025-11-03T08:09:54","guid":{"rendered":"https:\/\/games.tactic.net\/tuote\/heros-play-and-learn-picture-memo-game\/"},"modified":"2026-02-27T13:04:46","modified_gmt":"2026-02-27T11:04:46","slug":"heros-play-and-learn-picture-memo-game","status":"publish","type":"product","link":"https:\/\/games.tactic.net\/da\/tuote\/heros-play-and-learn-picture-memo-game\/","title":{"rendered":"Heros Play &#038; Learn \u2013 Tr\u00e6vendespil med billeder, 40 brikker"},"content":{"rendered":"<p>Hukommelsesspil i tr\u00e6 af h\u00f8j kvalitet \u2013 styrker kognitive evner og legegl\u00e6de. FSC\u00ae 100% certificeret tr\u00e6, fremstillet i Tyskland.<\/p>\n","protected":false},"excerpt":{"rendered":"<p>Hukommelsesspil i tr\u00e6 af h\u00f8j kvalitet \u2013 styrker kognitive evner og legegl\u00e6de.<\/p>\n","protected":false},"featured_media":0,"template":"","meta":{"content-type":"","_monsterinsights_skip_tracking":false,"_monsterinsights_sitenote_active":false,"_monsterinsights_sitenote_note":"","_monsterinsights_sitenote_category":0},"product_brand":[],"product_cat":[2345],"product_tag":[],"brand":[],"target-group":[],"discontinued":[],"class_list":{"0":"post-1368485","1":"product","2":"type-product","3":"status-publish","5":"product_cat-heros-wooden-toys","7":"first","8":"instock","9":"taxable","10":"shipping-taxable","11":"product-type-simple"},"aioseo_notices":[],"_links":{"self":[{"href":"https:\/\/games.tactic.net\/da\/wp-json\/wp\/v2\/product\/1368485","targetHints":{"allow":["GET"]}}],"collection":[{"href":"https:\/\/games.tactic.net\/da\/wp-json\/wp\/v2\/product"}],"about":[{"href":"https:\/\/games.tactic.net\/da\/wp-json\/wp\/v2\/types\/product"}],"wp:attachment":[{"href":"https:\/\/games.tactic.net\/da\/wp-json\/wp\/v2\/media?parent=1368485"}],"wp:term":[{"taxonomy":"product_brand","embeddable":true,"href":"https:\/\/games.tactic.net\/da\/wp-json\/wp\/v2\/product_brand?post=1368485"},{"taxonomy":"product_cat","embeddable":true,"href":"https:\/\/games.tactic.net\/da\/wp-json\/wp\/v2\/product_cat?post=1368485"},{"taxonomy":"product_tag","embeddable":true,"href":"https:\/\/games.tactic.net\/da\/wp-json\/wp\/v2\/product_tag?post=1368485"},{"taxonomy":"brand","embeddable":true,"href":"https:\/\/games.tactic.net\/da\/wp-json\/wp\/v2\/brand?post=1368485"},{"taxonomy":"target-group","embeddable":true,"href":"https:\/\/games.tactic.net\/da\/wp-json\/wp\/v2\/target-group?post=1368485"},{"taxonomy":"discontinued","embeddable":true,"href":"https:\/\/games.tactic.net\/da\/wp-json\/wp\/v2\/discontinued?post=1368485"}],"curies":[{"name":"wp","href":"https:\/\/api.w.org\/{rel}","templated":true}]}}