{"id":1368397,"date":"2025-10-29T16:18:16","date_gmt":"2025-10-29T14:18:16","guid":{"rendered":"https:\/\/games.tactic.net\/tuote\/roadmax-tipper-truck\/"},"modified":"2025-10-29T16:18:16","modified_gmt":"2025-10-29T14:18:16","slug":"roadmax-tipper-truck","status":"publish","type":"product","link":"https:\/\/games.tactic.net\/da\/tuote\/roadmax-tipper-truck\/","title":{"rendered":"ROADMAX Tipper truck"},"content":{"rendered":"<p>BRUDERs temaverden med byggek\u00f8ret\u00f8jer er ekstremt popul\u00e6r, og leget\u00f8jsk\u00f8ret\u00f8jerne af h\u00f8j kvalitet har omfattende funktioner. Det g\u00e6lder is\u00e6r ogs\u00e5 for vores mindste kunder. Med den nye ROADMAX tippelastbil tilbyder BRUDER endnu et fantastisk k\u00f8ret\u00f8j til b\u00f8rn fra 2 \u00e5r. Tipvognen er udstyret med et stort, fuldt funktionsdygtigt tiptrug til brug i sandkassen. For at matche denne fantastiske tipvogn omfatter det omfattende BRUDER-sortiment ogs\u00e5 den kn\u00e6kstyrede ROADMAX-hjull\u00e6sser (varenr. 03412) og den mobile ROADMAX-gravemaskine (varenr. 03413), som ogs\u00e5 er velegnede til b\u00f8rn fra 2 \u00e5r.<\/p>\n","protected":false},"excerpt":{"rendered":"<p>ROADMAX tippelastbil<\/p>\n","protected":false},"featured_media":0,"template":"","meta":{"content-type":"","_monsterinsights_skip_tracking":false,"_monsterinsights_sitenote_active":false,"_monsterinsights_sitenote_note":"","_monsterinsights_sitenote_category":0},"product_brand":[],"product_cat":[1498],"product_tag":[],"brand":[],"target-group":[],"discontinued":[],"class_list":{"0":"post-1368397","1":"product","2":"type-product","3":"status-publish","5":"product_cat-bruder-legetoej","7":"first","8":"outofstock","9":"taxable","10":"shipping-taxable","11":"product-type-simple"},"aioseo_notices":[],"_links":{"self":[{"href":"https:\/\/games.tactic.net\/da\/wp-json\/wp\/v2\/product\/1368397","targetHints":{"allow":["GET"]}}],"collection":[{"href":"https:\/\/games.tactic.net\/da\/wp-json\/wp\/v2\/product"}],"about":[{"href":"https:\/\/games.tactic.net\/da\/wp-json\/wp\/v2\/types\/product"}],"wp:attachment":[{"href":"https:\/\/games.tactic.net\/da\/wp-json\/wp\/v2\/media?parent=1368397"}],"wp:term":[{"taxonomy":"product_brand","embeddable":true,"href":"https:\/\/games.tactic.net\/da\/wp-json\/wp\/v2\/product_brand?post=1368397"},{"taxonomy":"product_cat","embeddable":true,"href":"https:\/\/games.tactic.net\/da\/wp-json\/wp\/v2\/product_cat?post=1368397"},{"taxonomy":"product_tag","embeddable":true,"href":"https:\/\/games.tactic.net\/da\/wp-json\/wp\/v2\/product_tag?post=1368397"},{"taxonomy":"brand","embeddable":true,"href":"https:\/\/games.tactic.net\/da\/wp-json\/wp\/v2\/brand?post=1368397"},{"taxonomy":"target-group","embeddable":true,"href":"https:\/\/games.tactic.net\/da\/wp-json\/wp\/v2\/target-group?post=1368397"},{"taxonomy":"discontinued","embeddable":true,"href":"https:\/\/games.tactic.net\/da\/wp-json\/wp\/v2\/discontinued?post=1368397"}],"curies":[{"name":"wp","href":"https:\/\/api.w.org\/{rel}","templated":true}]}}