{"id":1368394,"date":"2025-10-29T16:18:00","date_gmt":"2025-10-29T14:18:00","guid":{"rendered":"https:\/\/games.tactic.net\/tuote\/horsch-maestro-8cx-precision-air-seeder\/"},"modified":"2025-10-29T16:18:00","modified_gmt":"2025-10-29T14:18:00","slug":"horsch-maestro-8cx-precision-air-seeder","status":"publish","type":"product","link":"https:\/\/games.tactic.net\/da\/tuote\/horsch-maestro-8cx-precision-air-seeder\/","title":{"rendered":"Horsch Maestro 8CX precision air seeder"},"content":{"rendered":"<p>Horsch er f\u00f8rende inden for udvikling af l\u00f8sninger til moderne landbrug. Enkeltkornss\u00e5maskinerne i Maestro-serien er et meget succesfuldt produktomr\u00e5de. De bruges til s\u00e5ning af en lang r\u00e6kke afgr\u00f8der, s\u00e5som majs, solsikke, sukkerroer, raps, sojab\u00f8nner og andre b\u00f8nner.<br \/>\nDenne meget sp\u00e6ndende s\u00e5maskine er en ny tilf\u00f8jelse til BRUDERs omfattende landbrugssortiment. Til vejtransport kan s\u00e5aggregatet foldes ind og foldes ud igen under arbejdet i marken. Den integrerede tank kan fyldes med og lukkes med en h\u00e6tte. Traileren t\u00f8mmes gennem en glidende udl\u00f8bsventil i bunden af tanken. Traktorerne i BRUDER 3000- og 4000-serien er den perfekte traktor til denne imponerende s\u00e5maskine.<\/p>\n","protected":false},"excerpt":{"rendered":"<p>Horsch Maestro 8CX precision air seeder<\/p>\n","protected":false},"featured_media":0,"template":"","meta":{"content-type":"","_monsterinsights_skip_tracking":false,"_monsterinsights_sitenote_active":false,"_monsterinsights_sitenote_note":"","_monsterinsights_sitenote_category":0},"product_brand":[],"product_cat":[1498],"product_tag":[],"brand":[],"target-group":[],"discontinued":[],"class_list":{"0":"post-1368394","1":"product","2":"type-product","3":"status-publish","5":"product_cat-bruder-legetoej","7":"first","8":"outofstock","9":"taxable","10":"shipping-taxable","11":"product-type-simple"},"aioseo_notices":[],"_links":{"self":[{"href":"https:\/\/games.tactic.net\/da\/wp-json\/wp\/v2\/product\/1368394","targetHints":{"allow":["GET"]}}],"collection":[{"href":"https:\/\/games.tactic.net\/da\/wp-json\/wp\/v2\/product"}],"about":[{"href":"https:\/\/games.tactic.net\/da\/wp-json\/wp\/v2\/types\/product"}],"wp:attachment":[{"href":"https:\/\/games.tactic.net\/da\/wp-json\/wp\/v2\/media?parent=1368394"}],"wp:term":[{"taxonomy":"product_brand","embeddable":true,"href":"https:\/\/games.tactic.net\/da\/wp-json\/wp\/v2\/product_brand?post=1368394"},{"taxonomy":"product_cat","embeddable":true,"href":"https:\/\/games.tactic.net\/da\/wp-json\/wp\/v2\/product_cat?post=1368394"},{"taxonomy":"product_tag","embeddable":true,"href":"https:\/\/games.tactic.net\/da\/wp-json\/wp\/v2\/product_tag?post=1368394"},{"taxonomy":"brand","embeddable":true,"href":"https:\/\/games.tactic.net\/da\/wp-json\/wp\/v2\/brand?post=1368394"},{"taxonomy":"target-group","embeddable":true,"href":"https:\/\/games.tactic.net\/da\/wp-json\/wp\/v2\/target-group?post=1368394"},{"taxonomy":"discontinued","embeddable":true,"href":"https:\/\/games.tactic.net\/da\/wp-json\/wp\/v2\/discontinued?post=1368394"}],"curies":[{"name":"wp","href":"https:\/\/api.w.org\/{rel}","templated":true}]}}