{"id":1368265,"date":"2025-10-18T14:33:46","date_gmt":"2025-10-18T11:33:46","guid":{"rendered":"https:\/\/games.tactic.net\/tuote\/bex-giant-yatzy-family-fsc-certified\/"},"modified":"2025-10-18T14:33:46","modified_gmt":"2025-10-18T11:33:46","slug":"bex-giant-yatzy-family-fsc-certified","status":"publish","type":"product","link":"https:\/\/games.tactic.net\/da\/tuote\/bex-giant-yatzy-family-fsc-certified\/","title":{"rendered":"Bex Giant Yatzy Family (FSC Certified)"},"content":{"rendered":"<p>Det klassiske terningspil i stort format, tilpasset udend\u00f8rs brug! De store tr\u00e6terninger er lette at se, sjove at kaste og g\u00f8r spillet ekstra sp\u00e6ndende. Indeholder: 5 terninger, 5,5 cm \u2013 1 scoreblok \u2013 regler.<\/p>\n","protected":false},"excerpt":{"rendered":"<p>K\u00e6mpe Yatzy-familie (FSC-certificeret)<\/p>\n","protected":false},"featured_media":0,"template":"","meta":{"content-type":"","_monsterinsights_skip_tracking":false,"_monsterinsights_sitenote_active":false,"_monsterinsights_sitenote_note":"","_monsterinsights_sitenote_category":0},"product_brand":[],"product_cat":[782],"product_tag":[],"brand":[],"target-group":[],"discontinued":[],"class_list":{"0":"post-1368265","1":"product","2":"type-product","3":"status-publish","5":"product_cat-udendoers-spil","7":"first","8":"outofstock","9":"taxable","10":"shipping-taxable","11":"product-type-simple"},"aioseo_notices":[],"_links":{"self":[{"href":"https:\/\/games.tactic.net\/da\/wp-json\/wp\/v2\/product\/1368265","targetHints":{"allow":["GET"]}}],"collection":[{"href":"https:\/\/games.tactic.net\/da\/wp-json\/wp\/v2\/product"}],"about":[{"href":"https:\/\/games.tactic.net\/da\/wp-json\/wp\/v2\/types\/product"}],"wp:attachment":[{"href":"https:\/\/games.tactic.net\/da\/wp-json\/wp\/v2\/media?parent=1368265"}],"wp:term":[{"taxonomy":"product_brand","embeddable":true,"href":"https:\/\/games.tactic.net\/da\/wp-json\/wp\/v2\/product_brand?post=1368265"},{"taxonomy":"product_cat","embeddable":true,"href":"https:\/\/games.tactic.net\/da\/wp-json\/wp\/v2\/product_cat?post=1368265"},{"taxonomy":"product_tag","embeddable":true,"href":"https:\/\/games.tactic.net\/da\/wp-json\/wp\/v2\/product_tag?post=1368265"},{"taxonomy":"brand","embeddable":true,"href":"https:\/\/games.tactic.net\/da\/wp-json\/wp\/v2\/brand?post=1368265"},{"taxonomy":"target-group","embeddable":true,"href":"https:\/\/games.tactic.net\/da\/wp-json\/wp\/v2\/target-group?post=1368265"},{"taxonomy":"discontinued","embeddable":true,"href":"https:\/\/games.tactic.net\/da\/wp-json\/wp\/v2\/discontinued?post=1368265"}],"curies":[{"name":"wp","href":"https:\/\/api.w.org\/{rel}","templated":true}]}}