{"id":1368253,"date":"2025-10-18T12:49:41","date_gmt":"2025-10-18T09:49:41","guid":{"rendered":"https:\/\/games.tactic.net\/tuote\/gamesson-friendly-dart-game\/"},"modified":"2025-10-18T12:49:41","modified_gmt":"2025-10-18T09:49:41","slug":"gamesson-friendly-dart-game","status":"publish","type":"product","link":"https:\/\/games.tactic.net\/da\/tuote\/gamesson-friendly-dart-game\/","title":{"rendered":"Gamesson Family Dart Game"},"content":{"rendered":"<p>Spil en venskabelig omgang dart med dette dart\u00ads\u00e6t. Hvis du \u00f8nsker variation, kan du vende skiven og bruge den som m\u00e5lspil i stedet. Inkl. 1 papirdartskive med m\u00e5lspil p\u00e5 bagsiden, 2 darts\u00e6t i messing, aftagelige skafter og flights. Skivens st\u00f8rrelse: 45,7 cm x 2,5 cm.<\/p>\n","protected":false},"excerpt":{"rendered":"<p>Catdart Friendly dart-s\u00e6t<\/p>\n","protected":false},"featured_media":0,"template":"","meta":{"content-type":"","_monsterinsights_skip_tracking":false,"_monsterinsights_sitenote_active":false,"_monsterinsights_sitenote_note":"","_monsterinsights_sitenote_category":0},"product_brand":[],"product_cat":[782],"product_tag":[382],"brand":[{"id":2337,"name":"BEX Sport","slug":"bex-sport"}],"target-group":[],"discontinued":[],"class_list":{"0":"post-1368253","1":"product","2":"type-product","3":"status-publish","5":"product_cat-udendoers-spil","6":"product_tag-faerdighed","7":"brand-bex-sport","9":"first","10":"outofstock","11":"taxable","12":"shipping-taxable","13":"product-type-simple"},"aioseo_notices":[],"_links":{"self":[{"href":"https:\/\/games.tactic.net\/da\/wp-json\/wp\/v2\/product\/1368253","targetHints":{"allow":["GET"]}}],"collection":[{"href":"https:\/\/games.tactic.net\/da\/wp-json\/wp\/v2\/product"}],"about":[{"href":"https:\/\/games.tactic.net\/da\/wp-json\/wp\/v2\/types\/product"}],"wp:attachment":[{"href":"https:\/\/games.tactic.net\/da\/wp-json\/wp\/v2\/media?parent=1368253"}],"wp:term":[{"taxonomy":"product_brand","embeddable":true,"href":"https:\/\/games.tactic.net\/da\/wp-json\/wp\/v2\/product_brand?post=1368253"},{"taxonomy":"product_cat","embeddable":true,"href":"https:\/\/games.tactic.net\/da\/wp-json\/wp\/v2\/product_cat?post=1368253"},{"taxonomy":"product_tag","embeddable":true,"href":"https:\/\/games.tactic.net\/da\/wp-json\/wp\/v2\/product_tag?post=1368253"},{"taxonomy":"brand","embeddable":true,"href":"https:\/\/games.tactic.net\/da\/wp-json\/wp\/v2\/brand?post=1368253"},{"taxonomy":"target-group","embeddable":true,"href":"https:\/\/games.tactic.net\/da\/wp-json\/wp\/v2\/target-group?post=1368253"},{"taxonomy":"discontinued","embeddable":true,"href":"https:\/\/games.tactic.net\/da\/wp-json\/wp\/v2\/discontinued?post=1368253"}],"curies":[{"name":"wp","href":"https:\/\/api.w.org\/{rel}","templated":true}]}}