{"id":1368011,"date":"2025-09-15T17:18:45","date_gmt":"2025-09-15T14:18:45","guid":{"rendered":"https:\/\/games.tactic.net\/tuote\/volvo-excavator-ecr40\/"},"modified":"2025-09-15T17:18:45","modified_gmt":"2025-09-15T14:18:45","slug":"volvo-excavator-ecr40","status":"publish","type":"product","link":"https:\/\/games.tactic.net\/da\/tuote\/volvo-excavator-ecr40\/","title":{"rendered":"Volvo Excavator ECR40"},"content":{"rendered":"<p>Volvos minigraver er nem at bruge og kompakt med en kort svingradius. P\u00e5 trods af dens kompakte dimensioner er den velegnet til en lang r\u00e6kke opgaver. Den ekstra sidev\u00e6rts drejelige gravearm g\u00f8r den endnu mere fleksibel i brug. Takket v\u00e6re b\u00e6lteundervognen kan den ogs\u00e5 klare udfordrende terr\u00e6n, selv i sandkassen. Chassisbladet giver k\u00f8ret\u00f8jet mere stabilitet p\u00e5 l\u00f8s jord, hvilket g\u00f8r den mere velegnet til enkle nivelleringsopgaver. Ligesom originalen er kabinen glaseret og udstyret med en d\u00f8r, der kan \u00e5bnes, mens gravemaskinens karosseri kan drejes 360\u00b0 &#8211; pr\u00e6cis som den \u00e6gte vare.<\/p>\n","protected":false},"excerpt":{"rendered":"<p>Volvo&#8217;s kompakte gravemaskine ECR40<\/p>\n","protected":false},"featured_media":0,"template":"","meta":{"content-type":"","_monsterinsights_skip_tracking":false,"_monsterinsights_sitenote_active":false,"_monsterinsights_sitenote_note":"","_monsterinsights_sitenote_category":0},"product_brand":[],"product_cat":[1498],"product_tag":[],"brand":[],"target-group":[],"discontinued":[],"class_list":{"0":"post-1368011","1":"product","2":"type-product","3":"status-publish","5":"product_cat-bruder-legetoej","7":"first","8":"outofstock","9":"taxable","10":"shipping-taxable","11":"product-type-simple"},"aioseo_notices":[],"_links":{"self":[{"href":"https:\/\/games.tactic.net\/da\/wp-json\/wp\/v2\/product\/1368011","targetHints":{"allow":["GET"]}}],"collection":[{"href":"https:\/\/games.tactic.net\/da\/wp-json\/wp\/v2\/product"}],"about":[{"href":"https:\/\/games.tactic.net\/da\/wp-json\/wp\/v2\/types\/product"}],"wp:attachment":[{"href":"https:\/\/games.tactic.net\/da\/wp-json\/wp\/v2\/media?parent=1368011"}],"wp:term":[{"taxonomy":"product_brand","embeddable":true,"href":"https:\/\/games.tactic.net\/da\/wp-json\/wp\/v2\/product_brand?post=1368011"},{"taxonomy":"product_cat","embeddable":true,"href":"https:\/\/games.tactic.net\/da\/wp-json\/wp\/v2\/product_cat?post=1368011"},{"taxonomy":"product_tag","embeddable":true,"href":"https:\/\/games.tactic.net\/da\/wp-json\/wp\/v2\/product_tag?post=1368011"},{"taxonomy":"brand","embeddable":true,"href":"https:\/\/games.tactic.net\/da\/wp-json\/wp\/v2\/brand?post=1368011"},{"taxonomy":"target-group","embeddable":true,"href":"https:\/\/games.tactic.net\/da\/wp-json\/wp\/v2\/target-group?post=1368011"},{"taxonomy":"discontinued","embeddable":true,"href":"https:\/\/games.tactic.net\/da\/wp-json\/wp\/v2\/discontinued?post=1368011"}],"curies":[{"name":"wp","href":"https:\/\/api.w.org\/{rel}","templated":true}]}}