{"id":1367908,"date":"2025-09-05T16:11:42","date_gmt":"2025-09-05T13:11:42","guid":{"rendered":"https:\/\/games.tactic.net\/tuote\/gamesson-electronic-dartboard-devil\/"},"modified":"2025-09-05T16:11:42","modified_gmt":"2025-09-05T13:11:42","slug":"gamesson-electronic-dartboard-devil","status":"publish","type":"product","link":"https:\/\/games.tactic.net\/da\/tuote\/gamesson-electronic-dartboard-devil\/","title":{"rendered":"Gamesson electronic dartboard Devil"},"content":{"rendered":"<p>En elektronisk dartskive. Otte spillere kan v\u00e6lge mellem 25 forskellige spil. Dartskiven har et LCD-display og drives kun af tre AA-batterier. 25 forskellige spil, 1-8 spillere, LCD-display. Indhold: elektronisk dartskive &#8211; 2 s\u00e6t dartpile, bl\u00f8de Extra-spidser &#8211; Regler og instruktioner p\u00e5 nordiske sprog og engelsk<\/p>\n","protected":false},"excerpt":{"rendered":"<p>Catdart elektronisk dartskive Devil II<\/p>\n","protected":false},"featured_media":0,"template":"","meta":{"content-type":"","_monsterinsights_skip_tracking":false,"_monsterinsights_sitenote_active":false,"_monsterinsights_sitenote_note":"","_monsterinsights_sitenote_category":0},"product_brand":[],"product_cat":[782],"product_tag":[],"brand":[],"target-group":[],"discontinued":[],"class_list":{"0":"post-1367908","1":"product","2":"type-product","3":"status-publish","5":"product_cat-udendoers-spil","7":"first","8":"outofstock","9":"taxable","10":"shipping-taxable","11":"product-type-simple"},"aioseo_notices":[],"_links":{"self":[{"href":"https:\/\/games.tactic.net\/da\/wp-json\/wp\/v2\/product\/1367908","targetHints":{"allow":["GET"]}}],"collection":[{"href":"https:\/\/games.tactic.net\/da\/wp-json\/wp\/v2\/product"}],"about":[{"href":"https:\/\/games.tactic.net\/da\/wp-json\/wp\/v2\/types\/product"}],"wp:attachment":[{"href":"https:\/\/games.tactic.net\/da\/wp-json\/wp\/v2\/media?parent=1367908"}],"wp:term":[{"taxonomy":"product_brand","embeddable":true,"href":"https:\/\/games.tactic.net\/da\/wp-json\/wp\/v2\/product_brand?post=1367908"},{"taxonomy":"product_cat","embeddable":true,"href":"https:\/\/games.tactic.net\/da\/wp-json\/wp\/v2\/product_cat?post=1367908"},{"taxonomy":"product_tag","embeddable":true,"href":"https:\/\/games.tactic.net\/da\/wp-json\/wp\/v2\/product_tag?post=1367908"},{"taxonomy":"brand","embeddable":true,"href":"https:\/\/games.tactic.net\/da\/wp-json\/wp\/v2\/brand?post=1367908"},{"taxonomy":"target-group","embeddable":true,"href":"https:\/\/games.tactic.net\/da\/wp-json\/wp\/v2\/target-group?post=1367908"},{"taxonomy":"discontinued","embeddable":true,"href":"https:\/\/games.tactic.net\/da\/wp-json\/wp\/v2\/discontinued?post=1367908"}],"curies":[{"name":"wp","href":"https:\/\/api.w.org\/{rel}","templated":true}]}}