{"id":1367774,"date":"2025-08-12T17:16:49","date_gmt":"2025-08-12T14:16:49","guid":{"rendered":"https:\/\/games.tactic.net\/tuote\/accessories-tractor-loading-box-forks1round-bale\/"},"modified":"2026-02-24T13:37:23","modified_gmt":"2026-02-24T11:37:23","slug":"accessories-tractor-loading-box-forks1round-bale","status":"publish","type":"product","link":"https:\/\/games.tactic.net\/da\/tuote\/accessories-tractor-loading-box-forks1round-bale\/","title":{"rendered":"Accessories: Tractor loading box forks+1round bale"},"content":{"rendered":"<p>\u00bbEn tippekasse er et n\u00f8dvendigt og universelt redskab for enhver landmand, da den hurtigt kan monteres p\u00e5 traktoren og bruges p\u00e5 mange forskellige m\u00e5der. Denne nyttige redskabsenhed f\u00e5s ogs\u00e5 til den store BRUDER-traktorfl\u00e5de. T\u00f8mmerkassen har en bagklap, der kan \u00e5bnes, og den kan ogs\u00e5 tippes helt. Desuden kan kassen afmonteres, og der kan monteres gafler, som er n\u00f8dvendige for at transportere den medf\u00f8lgende rundballe. Den nye tippekasse er kompatibel med alle BRUDER-traktorer.\u00ab<\/p>\n","protected":false},"excerpt":{"rendered":"<p>Tilbeh\u00f8r: Traktorens tippekasse og gafler<\/p>\n","protected":false},"featured_media":0,"template":"","meta":{"content-type":"","_monsterinsights_skip_tracking":false,"_monsterinsights_sitenote_active":false,"_monsterinsights_sitenote_note":"","_monsterinsights_sitenote_category":0},"product_brand":[],"product_cat":[1498],"product_tag":[],"brand":[],"target-group":[],"discontinued":[],"class_list":{"0":"post-1367774","1":"product","2":"type-product","3":"status-publish","5":"product_cat-bruder-legetoej","7":"first","8":"instock","9":"taxable","10":"shipping-taxable","11":"product-type-simple"},"aioseo_notices":[],"_links":{"self":[{"href":"https:\/\/games.tactic.net\/da\/wp-json\/wp\/v2\/product\/1367774","targetHints":{"allow":["GET"]}}],"collection":[{"href":"https:\/\/games.tactic.net\/da\/wp-json\/wp\/v2\/product"}],"about":[{"href":"https:\/\/games.tactic.net\/da\/wp-json\/wp\/v2\/types\/product"}],"wp:attachment":[{"href":"https:\/\/games.tactic.net\/da\/wp-json\/wp\/v2\/media?parent=1367774"}],"wp:term":[{"taxonomy":"product_brand","embeddable":true,"href":"https:\/\/games.tactic.net\/da\/wp-json\/wp\/v2\/product_brand?post=1367774"},{"taxonomy":"product_cat","embeddable":true,"href":"https:\/\/games.tactic.net\/da\/wp-json\/wp\/v2\/product_cat?post=1367774"},{"taxonomy":"product_tag","embeddable":true,"href":"https:\/\/games.tactic.net\/da\/wp-json\/wp\/v2\/product_tag?post=1367774"},{"taxonomy":"brand","embeddable":true,"href":"https:\/\/games.tactic.net\/da\/wp-json\/wp\/v2\/brand?post=1367774"},{"taxonomy":"target-group","embeddable":true,"href":"https:\/\/games.tactic.net\/da\/wp-json\/wp\/v2\/target-group?post=1367774"},{"taxonomy":"discontinued","embeddable":true,"href":"https:\/\/games.tactic.net\/da\/wp-json\/wp\/v2\/discontinued?post=1367774"}],"curies":[{"name":"wp","href":"https:\/\/api.w.org\/{rel}","templated":true}]}}